{"id":771,"date":"2015-02-22T10:46:38","date_gmt":"2015-02-22T10:46:38","guid":{"rendered":"http:\/\/fictionmaster.rivido.de\/?page_id=771"},"modified":"2021-12-09T21:16:15","modified_gmt":"2021-12-09T20:16:15","slug":"momentaufnahme-2","status":"publish","type":"page","link":"https:\/\/www.soeren-prescher.de\/?page_id=771","title":{"rendered":"Momentaufnahme"},"content":{"rendered":"<h2><a title=\"Momentaufnahme\" href=\"https:\/\/www.amazon.de\/gp\/product\/3958693903\/ref=as_li_qf_asin_il_tl?ie=UTF8&amp;tag=sorenprescher-21&amp;creative=6742&amp;linkCode=as2&amp;creativeASIN=3958693903&amp;linkId=2bfea01f4df6a34374d53973da513002\" target=\"_blank\" rel=\"noopener noreferrer\"><img loading=\"lazy\" decoding=\"async\" class=\"alignright wp-image-84\" title=\"Momentaufnahme\" src=\"https:\/\/www.soeren-prescher.de\/wp-content\/uploads\/2020\/04\/Momentaufnahme.jpg\" alt=\"\" width=\"200\" height=\"300\" \/><\/a><\/h2>\n<p>Die siebzehnj\u00e4hrige Jenny verbringt den Sommerurlaub in der US-Kleinstadt Milton und h\u00e4lt den Ort f\u00fcr den langweiligsten auf der Welt. Ein wenig Abwechslung bringt ihr die Strandclique um die gleichaltrige Sheryl, doch erst als sie den achtzehnj\u00e4hrigen Tom kennen lernt, bl\u00fcht sie auf. Tom ist so herrlich anders als alle anderen. Da ihn die Strandclique nicht mag, verheimlicht sie ihn allerdings vor ihnen. Doch schnell verliebt sich Jenny in den Au\u00dfenseiter und verbringt jede freie Minute mit ihm.<\/p>\n<p><em>Amrun Verlag<\/em><br \/>\n<em>Broschiert, 160 Seiten<br \/>\neBook-Preis: 1,99 EUR \/ Taschenbuch-Preis: 9,90 EUR<\/em><br \/>\n<em>ISBN <\/em>978-3958693906<br \/>\n<em>Erscheinungsdatum: April 2020<br \/>\n<\/em><\/p>\n<p>Ab sofort in jedem guten Buchhandel und im Internet (z.B. im Verlagsshop und bei Amazon) erh\u00e4ltlich. Bei <a title=\"Amazon: Momentaufnahme\" href=\"https:\/\/www.amazon.de\/gp\/product\/3958693903\/ref=as_li_qf_asin_il_tl?ie=UTF8&amp;tag=sorenprescher-21&amp;creative=6742&amp;linkCode=as2&amp;creativeASIN=3958693903&amp;linkId=2bfea01f4df6a34374d53973da513002\" target=\"_blank\" rel=\"noopener noreferrer\">Amazon <\/a>habt ihr zudem die M\u00f6glichkeit, ins Buch hineinzulesen..<\/p>\n<p>In ihrem Audio-Adventskalender stellte die gro\u00dfartige <strong>Shanti Lunau<\/strong> Mitte Dezember 2021 \u00fcbrigens meinen Liebesroman vor und las einen Auszug daraus. Bei YouTube k\u00f6nnt ihr euch den <a href=\"https:\/\/www.youtube.com\/watch?v=HCnApA4Gv3o&amp;ab_channel=MeinLifestyle-Projekt\" target=\"_blank\" rel=\"noopener\"><strong>Mitschnitt<\/strong><\/a> anh\u00f6ren.<\/p>\n<p>&nbsp;<\/p>\n","protected":false},"excerpt":{"rendered":"<p>Die siebzehnj\u00e4hrige Jenny verbringt den Sommerurlaub in der US-Kleinstadt Milton und h\u00e4lt den Ort f\u00fcr den langweiligsten auf der Welt. Ein wenig Abwechslung bringt ihr die Strandclique um die gleichaltrige Sheryl, doch erst als sie den achtzehnj\u00e4hrigen Tom kennen lernt, bl\u00fcht sie auf. Tom ist so herrlich anders als alle anderen. Da ihn die Strandclique [&hellip;]<\/p>\n","protected":false},"author":2,"featured_media":0,"parent":0,"menu_order":0,"comment_status":"closed","ping_status":"closed","template":"","meta":{"footnotes":""},"class_list":["post-771","page","type-page","status-publish","hentry"],"_links":{"self":[{"href":"https:\/\/www.soeren-prescher.de\/index.php?rest_route=\/wp\/v2\/pages\/771","targetHints":{"allow":["GET"]}}],"collection":[{"href":"https:\/\/www.soeren-prescher.de\/index.php?rest_route=\/wp\/v2\/pages"}],"about":[{"href":"https:\/\/www.soeren-prescher.de\/index.php?rest_route=\/wp\/v2\/types\/page"}],"author":[{"embeddable":true,"href":"https:\/\/www.soeren-prescher.de\/index.php?rest_route=\/wp\/v2\/users\/2"}],"replies":[{"embeddable":true,"href":"https:\/\/www.soeren-prescher.de\/index.php?rest_route=%2Fwp%2Fv2%2Fcomments&post=771"}],"version-history":[{"count":2,"href":"https:\/\/www.soeren-prescher.de\/index.php?rest_route=\/wp\/v2\/pages\/771\/revisions"}],"predecessor-version":[{"id":2114,"href":"https:\/\/www.soeren-prescher.de\/index.php?rest_route=\/wp\/v2\/pages\/771\/revisions\/2114"}],"wp:attachment":[{"href":"https:\/\/www.soeren-prescher.de\/index.php?rest_route=%2Fwp%2Fv2%2Fmedia&parent=771"}],"curies":[{"name":"wp","href":"https:\/\/api.w.org\/{rel}","templated":true}]}}