{"id":769,"date":"2015-02-22T10:41:12","date_gmt":"2015-02-22T10:41:12","guid":{"rendered":"http:\/\/fictionmaster.rivido.de\/?page_id=769"},"modified":"2015-05-26T13:19:37","modified_gmt":"2015-05-26T13:19:37","slug":"verhaengnisvolle-freundschaft","status":"publish","type":"page","link":"https:\/\/www.soeren-prescher.de\/?page_id=769","title":{"rendered":"Verh\u00e4ngnisvolle Freundschaft"},"content":{"rendered":"<h2><a title=\"Verh\u00e4ngnisvolle Freundschaft\" href=\"http:\/\/www.amazon.de\/gp\/product\/B00TKG5C9Y\/ref=as_li_qf_sp_asin_il_tl?ie=UTF8&amp;camp=1638&amp;creative=6742&amp;creativeASIN=B00TKG5C9Y&amp;linkCode=as2&amp;tag=sorenprescher-21&amp;linkId=WO2ZG5CCQQBAVNEO\" target=\"_blank\"><img loading=\"lazy\" decoding=\"async\" class=\"alignright size-full wp-image-84\" title=\"Verh\u00e4ngnisvolle Freundschaft\" src=\"http:\/\/fictionmaster.rivido.de\/wp-content\/uploads\/2015\/02\/VerhaengnisvolleFreundschaft.jpg\" alt=\"\" width=\"200\" height=\"300\" \/><\/a><\/h2>\n<p>Schriftsteller Robert Krauss reist nach N\u00fcrnberg, doch von Anfang an steht sein Besuch unter keinem guten Stern. In der Wohnung seines Freundes Daniel wurde eingebrochen, w\u00e4hrend eine Frau aus dessen Bekanntenkreis vermisst wird. Pl\u00f6tzlich steht die Polizei vor der T\u00fcr und nimmt Daniel wegen Mordverdachts fest. Robert versucht, seinem Freund Daniel zu helfen und Licht in das Dunkel der Ereignisse zu bringen, begibt sich dabei aber selbst in gro\u00dfe Gefahr.<\/p>\n<p><em>Gmeiner Verlag<\/em><br \/>\n<em>eBook, 210 Seiten &#8211; 6,99 EUR<\/em><br \/>\n<em>Dateigr\u00f6\u00dfe: 1108 KB<\/em><br \/>\n<em>ASIN: B00TKG5C9Y<\/em><br \/>\nISBN-Nummer: 978 3 7349 9294 0<br \/>\n<em>Erscheinungsdatum: M\u00e4rz 2015<\/em><\/p>\n<p>&nbsp;<\/p>\n<p>Das eBook ist ab sofort in jedem guten Buchhandel und im Internet (z.B. im <a title=\"Gmeiner Verlag: Verh\u00e4ngnisse Freundschaft\" href=\"http:\/\/www.gmeiner-verlag.de\/programm\/titel\/1137-verhaengnisvolle-freundschaft.html\" target=\"_blank\">Verlagsshop<\/a> und bei Amazon) erh\u00e4ltlich. Bei <a title=\"Amazon: Verh\u00e4ngnisvolle Freundschaft\" href=\"http:\/\/www.amazon.de\/gp\/product\/B00TKG5C9Y\/ref=as_li_qf_sp_asin_il_tl?ie=UTF8&amp;camp=1638&amp;creative=6742&amp;creativeASIN=B00TKG5C9Y&amp;linkCode=as2&amp;tag=sorenprescher-21&amp;linkId=WO2ZG5CCQQBAVNEO\" target=\"_blank\">Amazon<\/a> habt ihr zudem die M\u00f6glichkeit, ins Buch hineinzulesen &#8230;<\/p>\n<p>&nbsp;<\/p>\n<p><span style=\"text-decoration: underline;\">Im April und Mai 2015 fand auf Lovelybooks eine <a href=\"http:\/\/www.lovelybooks.de\/autor\/S%C3%B6ren-Prescher\/Verh%C3%A4ngnisvolle-Freundschaft-1142103676-w\/leserunde\/1139125116\/1155150168\/\" target=\"_blank\">Leserunde<\/a> zum Roman statt. Nachfolgend einige Lesermeinungen zur Geschichte:<\/span><\/p>\n<p><em>Hoonili<\/em>: &#8222;Hinter dieser Geschichte steckt so viel mehr als man zuerst denkt.&#8220;<\/p>\n<p><em>Janaka<\/em>: &#8222;Die verschiedenen Charaktere hat S\u00f6ren Prescher gekonnt in Szene gesetzt und sie zum Leben erweckt. Robert ist mir gleich sympathisch und es hat Spa\u00df gemacht, ihn durch N\u00fcrnberg zu begleiten. Dieser Regio-Krimi hat mich gut unterhalten und ich kann ihn bedenkenlos jeden Krimi-Fan empfehlen.&#8220;<\/p>\n<p><em>kleinemaus2013<\/em>: &#8222;Mir hat das Buch so gut gefallen das ich es in Ca. 1 Tag komplett gelesen habe. Was als Freundschaftsroman beginnt endet als Kriminalroman. Das Ende l\u00e4sst sich bis zum Schluss nicht erahnen. Auch die Stadt N\u00fcrnberg wird etwas beschrieben und man bekommt Lust auf eine St\u00e4dtetour dorthin.&#8220;<\/p>\n<p><em>Mabuerle<\/em>: &#8222;Der Roman l\u00e4dt zum Mitdenken und Mitr\u00e4tseln ein. Erst am Ende wusste ich als Leser, wie viel versteckte Hinweise ich \u00fcbersehen hatte und wie oft ich in die Irre geschickt worden war.&#8220;<\/p>\n<p><em>Canji:<\/em> &#8222;Wer Krimis mag, die nicht blutr\u00fcnstig sind, sondern eher auf anschauliche Weise die Entstehung einer furchtbaren Straftat nachvollzieht, ist sehr gut bedient. Auch eine Prise Erotik fehlt nicht.&#8220;<\/p>\n<p><em>trollchen<\/em>: &#8222;Es ist f\u00fcr jeden Leser etwas dabei, von Krimi bis Romanze und es handelt von Freundschaft, Liebe, Verrat und Sorgen. Die Wendungen, die vom Autor immer wieder geschlagen werden, waren nicht vorher zu sehen. Die vielen T\u00e4ter und Taten\u00a0 , die zwischenzeitlich ins Spiel kommen, werden perfekt zu einem guten Ende verbunden. Die Protagonisten fallen auf, durch ihre Handlungen und \u00dcberlegungen, die oft in das Buch hinein flie\u00dfen. Auch die Stadt N\u00fcrnberg wird perfekt in Szenen gesetzt. Mein Fazit: Ein gut lesbarer Regionalkrimi f\u00fcr zwischendurch, der spannend und von vielen Wendungen\u00a0 lebt.&#8220;<\/p>\n<p><em>SusanneSH68<\/em>: &#8222;Der Krimi von S\u00f6ren Prescher ist gut und fl\u00fcssig zu lesen, als Leser darf man sich auf mehrere Spuren freuen und ist am Ende \u00fcberrascht \u00fcber die L\u00f6sung des Falles. Dazu sind die interessanten Personen gut beschrieben. Au\u00dferdem bekommt man anhand einiger Beschreibungen auch einen interessanten Blick auf N\u00fcrnberg, wo dieser Krimi spielt, selbst das Tempo der Handlung passt dazu, und so hat dieses Buch alles, was ein guter, solider Regionalkrimi haben muss.&#8220;<\/p>\n<p><em>Patno<\/em>: &#8222;Was zun\u00e4chst wie ein ganz normaler Roman um Freundschaft und Vertrauen beginnt, wird sp\u00e4ter zum verworrenen Kriminalfall. So k\u00f6nnte ich mir durchaus vorstellen, dass hier nicht nur Krimifreunde auf ihre Kosten kommen. Der fl\u00fcssige, bisweilen wortwitzige Schreibstil hat mir sehr gut gefallen. S\u00f6ren Prescher gelingt es gut, die Gef\u00fchle und Gedanken der Charaktere in Szene zu setzen, die so noch authentischer wirken. Die Handlung hat mich schon gepackt und vor allem im zweiten Teil gelang es mir kaum, das Buch wegzulegen.&#8220;<\/p>\n<p><em>MissSweety86<\/em>: &#8222;Es gibt in dem Buch einige Wendung mit denen man absolut nicht rechnete. Die Charaktere sind auch sehr gut beschrieben so dass man sich von jedem ein gutes Bild machen kann.&#8220;<\/p>\n<p><em>Xanaka<\/em>: &#8222;Das Buch hat mir gut gefallen. Auffallend ist der Schreibstil. Die Geschichte ist so geschrieben, dass sie quasi von Robert erz\u00e4hlt wird. Das macht beim Lesen viel Spa\u00df, so hat man immer das Gef\u00fchl, als wenn ein guter Freund einem seine Erlebnisse berichtet.&#8220;<\/p>\n<p><em>Silvandy<\/em>: &#8222;S\u00f6ren Preschers fl\u00fcssiger Schreibstil hat mir gut gefallen, die Geschichte l\u00e4sst sich locker und leicht lesen. Dem Autor gelingt es, die Charaktere authentisch zu beschreiben und deren Gedanken und Gef\u00fchlen dem Leser gut zu vermitteln.\u00a0 [&#8230;] Der Autor legt geschickt verschiedene Spuren, so dass der Leser gerne in diesem Kriminalfall mitr\u00e4tselt. Ganz nebenbei erhascht man einen interessanten Blick auf N\u00fcrnberg \u2013 der Stadt, in welcher dieser Krimi spielt.&#8220;<\/p>\n<p>&nbsp;<\/p>\n<p>&nbsp;<\/p>\n<table style=\"border-collapse: collapse; width: 100%;\">\n<tbody>\n<tr>\n<td style=\"width: 33%;\"><\/td>\n<td style=\"width: 33%;\"><\/td>\n<td style=\"width: 33%;\"><\/td>\n<\/tr>\n<tr>\n<td style=\"width: 33%;\"><\/td>\n<td style=\"width: 33%;\"><\/td>\n<td style=\"width: 33%;\"><\/td>\n<\/tr>\n<\/tbody>\n<\/table>\n","protected":false},"excerpt":{"rendered":"<p>Schriftsteller Robert Krauss reist nach N\u00fcrnberg, doch von Anfang an steht sein Besuch unter keinem guten Stern. In der Wohnung seines Freundes Daniel wurde eingebrochen, w\u00e4hrend eine Frau aus dessen Bekanntenkreis vermisst wird. Pl\u00f6tzlich steht die Polizei vor der T\u00fcr und nimmt Daniel wegen Mordverdachts fest. Robert versucht, seinem Freund Daniel zu helfen und Licht [&hellip;]<\/p>\n","protected":false},"author":2,"featured_media":0,"parent":0,"menu_order":0,"comment_status":"closed","ping_status":"closed","template":"","meta":{"footnotes":""},"class_list":["post-769","page","type-page","status-publish","hentry"],"_links":{"self":[{"href":"https:\/\/www.soeren-prescher.de\/index.php?rest_route=\/wp\/v2\/pages\/769","targetHints":{"allow":["GET"]}}],"collection":[{"href":"https:\/\/www.soeren-prescher.de\/index.php?rest_route=\/wp\/v2\/pages"}],"about":[{"href":"https:\/\/www.soeren-prescher.de\/index.php?rest_route=\/wp\/v2\/types\/page"}],"author":[{"embeddable":true,"href":"https:\/\/www.soeren-prescher.de\/index.php?rest_route=\/wp\/v2\/users\/2"}],"replies":[{"embeddable":true,"href":"https:\/\/www.soeren-prescher.de\/index.php?rest_route=%2Fwp%2Fv2%2Fcomments&post=769"}],"version-history":[{"count":1,"href":"https:\/\/www.soeren-prescher.de\/index.php?rest_route=\/wp\/v2\/pages\/769\/revisions"}],"predecessor-version":[{"id":836,"href":"https:\/\/www.soeren-prescher.de\/index.php?rest_route=\/wp\/v2\/pages\/769\/revisions\/836"}],"wp:attachment":[{"href":"https:\/\/www.soeren-prescher.de\/index.php?rest_route=%2Fwp%2Fv2%2Fmedia&parent=769"}],"curies":[{"name":"wp","href":"https:\/\/api.w.org\/{rel}","templated":true}]}}