{"id":369,"date":"2012-09-01T11:48:32","date_gmt":"2012-09-01T11:48:32","guid":{"rendered":"http:\/\/fictionmaster.rivido.de\/?page_id=369"},"modified":"2012-09-01T11:48:32","modified_gmt":"2012-09-01T11:48:32","slug":"weckruf","status":"publish","type":"page","link":"https:\/\/www.soeren-prescher.de\/?page_id=369","title":{"rendered":"Weckruf"},"content":{"rendered":"<p>Nenn mich Frieden, nenn mich Freiheit<br \/>\nDu erkennst mich jedes Mal<br \/>\nNimm mir niemals meine Kraft<br \/>\noder meinen Glauben<br \/>\nTauche ganz tief in dich hinein<br \/>\nund h\u00f6re auf dich selbst<br \/>\nBefreie besser deinen Verstand,<br \/>\nhalte ihn wach und sch\u00e4rfe ihn<br \/>\n\u00d6ffne deine Gedanken<br \/>\nund wachse \u00fcber dich hinaus<br \/>\nSchaue vor und zur\u00fcck,<br \/>\naber vergiss den Rest nicht<br \/>\nEs wird seltsam, es wird fremd<br \/>\nVor allem wird es schwer<br \/>\nAber ich bin ganz tief in dir drin<br \/>\nNenn mich Hoffnung, nenn mich Glauben<br \/>\nDu erkennst mich jedes Mal<br \/>\nIch f\u00fchre dich vorw\u00e4rts und gebe dir Kraft<br \/>\nZu leben und vergeben<br \/>\nJeder bezahlt<br \/>\nirgendwann seinen Preis<br \/>\nK\u00e4mpfe f\u00fcr deinen Glauben<br \/>\nund steh f\u00fcr ihn ein<br \/>\nWir haben eine Vision<br \/>\nund jetzt haben wir eine Stimme<br \/>\nEs ist die richtige Zeit,<br \/>\ndas richtige Gef\u00fchl<br \/>\nAlles stimmt<br \/>\nWach auf und ver\u00e4ndere die Welt<br \/>\nGlaub mir, sie ist es wert<\/p>\n","protected":false},"excerpt":{"rendered":"<p>Nenn mich Frieden, nenn mich Freiheit Du erkennst mich jedes Mal Nimm mir niemals meine Kraft oder meinen Glauben Tauche ganz tief in dich hinein und h\u00f6re auf dich selbst Befreie besser deinen Verstand, halte ihn wach und sch\u00e4rfe ihn \u00d6ffne deine Gedanken und wachse \u00fcber dich hinaus Schaue vor und zur\u00fcck, aber vergiss den [&hellip;]<\/p>\n","protected":false},"author":1,"featured_media":0,"parent":233,"menu_order":9,"comment_status":"open","ping_status":"open","template":"","meta":{"footnotes":""},"class_list":["post-369","page","type-page","status-publish","hentry"],"_links":{"self":[{"href":"https:\/\/www.soeren-prescher.de\/index.php?rest_route=\/wp\/v2\/pages\/369","targetHints":{"allow":["GET"]}}],"collection":[{"href":"https:\/\/www.soeren-prescher.de\/index.php?rest_route=\/wp\/v2\/pages"}],"about":[{"href":"https:\/\/www.soeren-prescher.de\/index.php?rest_route=\/wp\/v2\/types\/page"}],"author":[{"embeddable":true,"href":"https:\/\/www.soeren-prescher.de\/index.php?rest_route=\/wp\/v2\/users\/1"}],"replies":[{"embeddable":true,"href":"https:\/\/www.soeren-prescher.de\/index.php?rest_route=%2Fwp%2Fv2%2Fcomments&post=369"}],"version-history":[{"count":0,"href":"https:\/\/www.soeren-prescher.de\/index.php?rest_route=\/wp\/v2\/pages\/369\/revisions"}],"up":[{"embeddable":true,"href":"https:\/\/www.soeren-prescher.de\/index.php?rest_route=\/wp\/v2\/pages\/233"}],"wp:attachment":[{"href":"https:\/\/www.soeren-prescher.de\/index.php?rest_route=%2Fwp%2Fv2%2Fmedia&parent=369"}],"curies":[{"name":"wp","href":"https:\/\/api.w.org\/{rel}","templated":true}]}}