{"id":368,"date":"2012-09-01T11:48:08","date_gmt":"2012-09-01T11:48:08","guid":{"rendered":"http:\/\/fictionmaster.rivido.de\/?page_id=368"},"modified":"2012-09-01T11:48:08","modified_gmt":"2012-09-01T11:48:08","slug":"das-monster","status":"publish","type":"page","link":"https:\/\/www.soeren-prescher.de\/?page_id=368","title":{"rendered":"Das Monster"},"content":{"rendered":"<h6>Anmerkung des Autors: \u201cDas Monster\u201d schrieb ich, weil ich endlich mal ein Horrorgedicht schreiben wollte.<\/h6>\n<p>&nbsp;<\/p>\n<p>Die Sonne ist l\u00e4ngst gegangen<br \/>\nIch habe kein Licht und bin allein<br \/>\nMeine Furcht findet mich in der Dunkelheit<br \/>\nKalter Atem auf kalte Haut<br \/>\nMein K\u00f6rper schmerzt die ganze Zeit<br \/>\nIch f\u00fcrchte mich,<br \/>\nf\u00fcrchte mich vor mir selbst<br \/>\nWas ist geschehen?<br \/>\nWas wird passieren?<br \/>\nIch habe keine Kontrolle<br \/>\nKeine Kontrolle \u00fcber mich<br \/>\nIch hab alles verloren<br \/>\nNichts ist mehr da<br \/>\nEs war ein Schritt zu weit,<br \/>\nund ich kann nicht mehr zur\u00fcck<br \/>\nEs gibt keinen Ausweg mehr<br \/>\nMit der Dunkelheit kommen<br \/>\nauch die Erinnerungen<br \/>\nund die \u00c4ngste<br \/>\nIch versuche sie zu ignorieren,<br \/>\ndenke nicht dar\u00fcber nach<br \/>\nIrgendwo gibt es einen Platz,<br \/>\nwo ich mich verstecken kann<br \/>\nVerstecken vor der Furcht,<br \/>\nder Last der Gedanken<br \/>\nund vor mir selbst<br \/>\nTief in mir steckt eine grausame Kreatur,<br \/>\ndie ich nicht kontrollieren kann<br \/>\nIch wei\u00df es<br \/>\nEs wei\u00df es<br \/>\nVielleicht wei\u00df es jeder<br \/>\nDoch keiner kennt mich<br \/>\nEs ist so dunkel und ich bin allein<br \/>\nAlleingelassen von allen anderen<br \/>\nIch habe Angst<br \/>\nund niemand kann mir helfen<br \/>\nDer Kampf ist nah<br \/>\nund keiner wei\u00df,<br \/>\nwie er ausgehen wird.<br \/>\nMeine Furcht findet mich in der Dunkelheit<br \/>\nIch f\u00fcrchte mich<br \/>\nF\u00fcrchte mich vor mir selbst<br \/>\nNoch bin ich allein<br \/>\nNoch\u2026<\/p>\n","protected":false},"excerpt":{"rendered":"<p>Anmerkung des Autors: \u201cDas Monster\u201d schrieb ich, weil ich endlich mal ein Horrorgedicht schreiben wollte. &nbsp; Die Sonne ist l\u00e4ngst gegangen Ich habe kein Licht und bin allein Meine Furcht findet mich in der Dunkelheit Kalter Atem auf kalte Haut Mein K\u00f6rper schmerzt die ganze Zeit Ich f\u00fcrchte mich, f\u00fcrchte mich vor mir selbst Was [&hellip;]<\/p>\n","protected":false},"author":1,"featured_media":0,"parent":233,"menu_order":8,"comment_status":"open","ping_status":"open","template":"","meta":{"footnotes":""},"class_list":["post-368","page","type-page","status-publish","hentry"],"_links":{"self":[{"href":"https:\/\/www.soeren-prescher.de\/index.php?rest_route=\/wp\/v2\/pages\/368","targetHints":{"allow":["GET"]}}],"collection":[{"href":"https:\/\/www.soeren-prescher.de\/index.php?rest_route=\/wp\/v2\/pages"}],"about":[{"href":"https:\/\/www.soeren-prescher.de\/index.php?rest_route=\/wp\/v2\/types\/page"}],"author":[{"embeddable":true,"href":"https:\/\/www.soeren-prescher.de\/index.php?rest_route=\/wp\/v2\/users\/1"}],"replies":[{"embeddable":true,"href":"https:\/\/www.soeren-prescher.de\/index.php?rest_route=%2Fwp%2Fv2%2Fcomments&post=368"}],"version-history":[{"count":0,"href":"https:\/\/www.soeren-prescher.de\/index.php?rest_route=\/wp\/v2\/pages\/368\/revisions"}],"up":[{"embeddable":true,"href":"https:\/\/www.soeren-prescher.de\/index.php?rest_route=\/wp\/v2\/pages\/233"}],"wp:attachment":[{"href":"https:\/\/www.soeren-prescher.de\/index.php?rest_route=%2Fwp%2Fv2%2Fmedia&parent=368"}],"curies":[{"name":"wp","href":"https:\/\/api.w.org\/{rel}","templated":true}]}}