{"id":367,"date":"2012-09-01T11:47:45","date_gmt":"2012-09-01T11:47:45","guid":{"rendered":"http:\/\/fictionmaster.rivido.de\/?page_id=367"},"modified":"2012-09-01T11:47:45","modified_gmt":"2012-09-01T11:47:45","slug":"einsamer-schatten","status":"publish","type":"page","link":"https:\/\/www.soeren-prescher.de\/?page_id=367","title":{"rendered":"Einsamer Schatten"},"content":{"rendered":"<p>Tief ist der Stich<br \/>\nLang und schmerzvoll das Vergessen<br \/>\nDu gabst mir alles, wovon ich tr\u00e4umte<br \/>\nUnd dann hast du mir alles genommen<\/p>\n<p>Ich stehe einsam in einem leeren Raum<br \/>\nNamenlose Schatten fl\u00fcchten an mir vorbei<br \/>\nAus Traum wurde Wirklichkeit<br \/>\nAlles wurde anders<br \/>\nNichts ist real<\/p>\n<p>Noch immer h\u00f6re ich das Echo deines L\u00e4chelns<br \/>\nund bewundere den Glanz in deinen Augen<br \/>\nDu tauchtest ganz tief in mich hinein<br \/>\nund entfachtest ein hemmungsloses Verlangen<\/p>\n<p>Auch davon sind Spuren geblieben,<br \/>\ngenau wie all die schmerzhaften Erinnerungen<br \/>\n\u00dcberall bist du,<br \/>\nund ich bin allein<br \/>\nAus Traum wurde Wirklichkeit<br \/>\nAlles wurde anders<br \/>\nNichts war real<\/p>\n<p>Weit oben auf einem Berg<br \/>\nsteht ein verzweifelter Schatten<br \/>\nund sieht auf alles hinab<br \/>\nAlles ist jetzt anders<br \/>\nund nichts mehr real<br \/>\nAlles was zur\u00fcckgeblieben ist,<br \/>\nist ein zerst\u00f6rter Turm voller gemeinsamer Phantasien<br \/>\nNichts ist mehr real<\/p>\n","protected":false},"excerpt":{"rendered":"<p>Tief ist der Stich Lang und schmerzvoll das Vergessen Du gabst mir alles, wovon ich tr\u00e4umte Und dann hast du mir alles genommen Ich stehe einsam in einem leeren Raum Namenlose Schatten fl\u00fcchten an mir vorbei Aus Traum wurde Wirklichkeit Alles wurde anders Nichts ist real Noch immer h\u00f6re ich das Echo deines L\u00e4chelns und [&hellip;]<\/p>\n","protected":false},"author":1,"featured_media":0,"parent":233,"menu_order":7,"comment_status":"open","ping_status":"open","template":"","meta":{"footnotes":""},"class_list":["post-367","page","type-page","status-publish","hentry"],"_links":{"self":[{"href":"https:\/\/www.soeren-prescher.de\/index.php?rest_route=\/wp\/v2\/pages\/367","targetHints":{"allow":["GET"]}}],"collection":[{"href":"https:\/\/www.soeren-prescher.de\/index.php?rest_route=\/wp\/v2\/pages"}],"about":[{"href":"https:\/\/www.soeren-prescher.de\/index.php?rest_route=\/wp\/v2\/types\/page"}],"author":[{"embeddable":true,"href":"https:\/\/www.soeren-prescher.de\/index.php?rest_route=\/wp\/v2\/users\/1"}],"replies":[{"embeddable":true,"href":"https:\/\/www.soeren-prescher.de\/index.php?rest_route=%2Fwp%2Fv2%2Fcomments&post=367"}],"version-history":[{"count":0,"href":"https:\/\/www.soeren-prescher.de\/index.php?rest_route=\/wp\/v2\/pages\/367\/revisions"}],"up":[{"embeddable":true,"href":"https:\/\/www.soeren-prescher.de\/index.php?rest_route=\/wp\/v2\/pages\/233"}],"wp:attachment":[{"href":"https:\/\/www.soeren-prescher.de\/index.php?rest_route=%2Fwp%2Fv2%2Fmedia&parent=367"}],"curies":[{"name":"wp","href":"https:\/\/api.w.org\/{rel}","templated":true}]}}