{"id":2999,"date":"2025-12-07T12:26:28","date_gmt":"2025-12-07T11:26:28","guid":{"rendered":"https:\/\/www.soeren-prescher.de\/?page_id=2999"},"modified":"2025-12-10T17:55:39","modified_gmt":"2025-12-10T16:55:39","slug":"mord-in-grossheide","status":"publish","type":"page","link":"https:\/\/www.soeren-prescher.de\/?page_id=2999","title":{"rendered":"Mord in Gro\u00dfheide"},"content":{"rendered":"<p><a href=\"https:\/\/amzn.to\/4pRLKZr\" target=\"_blank\" rel=\"noopener noreferrer\"><img loading=\"lazy\" decoding=\"async\" class=\"alignright wp-image-1892 \" title=\"Mord in Gro\u00dfheide\" src=\"https:\/\/www.soeren-prescher.de\/wp-content\/uploads\/2025\/12\/OFK5-cover.jpg\" alt=\"\" width=\"229\" height=\"344\" \/><\/a><em><strong>Der f\u00fcnfte Fall f\u00fcr die Kripo Ostfriesland<\/strong><\/em><\/p>\n<p><span class=\"a-text-bold\">Ein n\u00e4chtlicher Einbruch wird zum Auftakt eines t\u00f6dlichen R\u00e4tsels!<\/span>\u00a0Die Kommissare Henning Karloff und Maren Hansen von der Kripo Ostfriesland werden zu einem skurrilen Tatort gerufen. In einem Haus in Gro\u00dfheide wurde ein Mann ermordet, der dort anscheinend mit einem weiteren Mitt\u00e4ter eingedrungen war. Ist ein Streit unter Komplizen eskaliert? Im Laufe der Ermittlungen wird der Fall immer mysteri\u00f6ser. Zwar hatte der Tote eine kriminelle Vergangenheit, aber andererseits f\u00fchrte der Familienvater schon seit Jahren ein gesetzestreues Leben. Als sich dann noch herausstellt, dass die Tatwaffe dem Hausbesitzer Carsten B\u00e4r geh\u00f6rt, ger\u00e4t dieser unter Mordverdacht, da sein Alibi f\u00fcr die Tatzeit nicht ganz hieb- und stichfest ist. Ein pers\u00f6nliches Motiv wird bei diesem Fall pl\u00f6tzlich immer wahrscheinlicher \u2026<\/p>\n<p>Info:<br \/>\nMord in Gro\u00dfheide<br \/>\n130 Seiten, Deutsch<br \/>\nKlarant Verlag<br \/>\nISBN-10: \u200e 3689753872<br \/>\nISBN-13: \u200e 978-3689753870<br \/>\nErscheinungsdatum: Dezember 2025<\/p>\n<p>An <a href=\"https:\/\/www.soeren-prescher.de\/wp-content\/uploads\/2025\/06\/OFK3-Nachwort.pdf\" target=\"_blank\" rel=\"noopener\"><strong>dieser<\/strong><\/a> Stelle gibt es ein exklusives Nachwort, das es nicht in die Endfassung des Buchs geschafft hat.<\/p>\n<p>Auf <strong>Ostfrieslandkrimi.de<\/strong> gibt es ein kleines <a href=\"https:\/\/www.ostfrieslandkrimi.de\/ein-neuer-spannender-kriminalfall-fuer-die-kripo-ostfriesland-2\/\" target=\"_blank\" rel=\"noopener\"><strong>Interview<\/strong><\/a> zum Roman. Die Pressemeldung findet sich <a href=\"https:\/\/www.openpr.de\/news\/1298366\/Neuerscheinung-Ostfrieslandkrimi-Mord-in-Grossheide-von-Soeren-Prescher-im-Klarant-Verlag.html\" target=\"_blank\" rel=\"noopener\"><strong>hier<\/strong><\/a>.<\/p>\n<p>Der Roman ist sowohl im eBook-Format als auch als Taschenbuch erh\u00e4ltlich. Unter anderem bei <a href=\"https:\/\/amzn.to\/4iKOyVS\" target=\"_blank\" rel=\"noopener\"><strong>Amazon.de<\/strong><\/a>.<\/p>\n<p>&nbsp;<\/p>\n","protected":false},"excerpt":{"rendered":"<p>Der f\u00fcnfte Fall f\u00fcr die Kripo Ostfriesland Ein n\u00e4chtlicher Einbruch wird zum Auftakt eines t\u00f6dlichen R\u00e4tsels!\u00a0Die Kommissare Henning Karloff und Maren Hansen von der Kripo Ostfriesland werden zu einem skurrilen Tatort gerufen. In einem Haus in Gro\u00dfheide wurde ein Mann ermordet, der dort anscheinend mit einem weiteren Mitt\u00e4ter eingedrungen war. Ist ein Streit unter Komplizen [&hellip;]<\/p>\n","protected":false},"author":2,"featured_media":0,"parent":0,"menu_order":0,"comment_status":"closed","ping_status":"closed","template":"","meta":{"footnotes":""},"class_list":["post-2999","page","type-page","status-publish","hentry"],"_links":{"self":[{"href":"https:\/\/www.soeren-prescher.de\/index.php?rest_route=\/wp\/v2\/pages\/2999","targetHints":{"allow":["GET"]}}],"collection":[{"href":"https:\/\/www.soeren-prescher.de\/index.php?rest_route=\/wp\/v2\/pages"}],"about":[{"href":"https:\/\/www.soeren-prescher.de\/index.php?rest_route=\/wp\/v2\/types\/page"}],"author":[{"embeddable":true,"href":"https:\/\/www.soeren-prescher.de\/index.php?rest_route=\/wp\/v2\/users\/2"}],"replies":[{"embeddable":true,"href":"https:\/\/www.soeren-prescher.de\/index.php?rest_route=%2Fwp%2Fv2%2Fcomments&post=2999"}],"version-history":[{"count":4,"href":"https:\/\/www.soeren-prescher.de\/index.php?rest_route=\/wp\/v2\/pages\/2999\/revisions"}],"predecessor-version":[{"id":3017,"href":"https:\/\/www.soeren-prescher.de\/index.php?rest_route=\/wp\/v2\/pages\/2999\/revisions\/3017"}],"wp:attachment":[{"href":"https:\/\/www.soeren-prescher.de\/index.php?rest_route=%2Fwp%2Fv2%2Fmedia&parent=2999"}],"curies":[{"name":"wp","href":"https:\/\/api.w.org\/{rel}","templated":true}]}}