{"id":2765,"date":"2025-05-15T17:07:26","date_gmt":"2025-05-15T16:07:26","guid":{"rendered":"https:\/\/www.soeren-prescher.de\/?page_id=2765"},"modified":"2025-11-02T12:44:44","modified_gmt":"2025-11-02T11:44:44","slug":"mord-in-ostfriesland","status":"publish","type":"page","link":"https:\/\/www.soeren-prescher.de\/?page_id=2765","title":{"rendered":"Mord in Ostfriesland"},"content":{"rendered":"<p><a href=\"https:\/\/amzn.to\/4jZQCcF\" target=\"_blank\" rel=\"noopener noreferrer\"><img loading=\"lazy\" decoding=\"async\" class=\"alignright wp-image-1892 \" title=\"Mord in Ostfriesland\" src=\"https:\/\/www.soeren-prescher.de\/wp-content\/uploads\/2025\/05\/OFK3-MordInOstfriesland_cover.jpg\" alt=\"\" width=\"229\" height=\"344\" \/><\/a><em><strong>Der dritte Fall f\u00fcr die Kripo Ostfriesland<\/strong><\/em><\/p>\n<p><strong>\u00bbWar der Film echt so schlecht, dass sich die Leute deswegen gegenseitig umbringen?\u00ab<\/strong><\/p>\n<p>Hauptkommissar Henning Karloff genie\u00dft mit seiner Frau die Open-Air-Filmnacht im Wittmunder Schlosspark, als eine pl\u00f6tzliche Unruhe die Sommeridylle zerst\u00f6rt. Zwischen den B\u00fcschen wird ein Mann entdeckt \u2013 niedergestochen, jede Hilfe kommt zu sp\u00e4t. Bei dem Toten handelt es sich um den Handwerker Christian Br\u00fcckner. Karloff und seine Kollegin Maren Hansen nehmen die Zeugen des Abends ins Visier. Was wei\u00df der einst gefeierte Schauspieler, der das Opfer gefunden hat? Und warum liefert ein Podcaster zwar wichtiges Tonmaterial, l\u00e4sst aber einen brisanten Teil weg?<br \/>\nDie Ermittlungen in Br\u00fcckners Umfeld ergeben, dass er entspannt und lebensfroh war \u2013 bis er sich pl\u00f6tzlich verfolgt f\u00fchlte. Offenbar hatte jemand Grund dazu, ihn zum Schweigen zu bringen \u2026<\/p>\n<p>Info:<br \/>\nMord in Ostfriesland<br \/>\n147 Seiten, Deutsch<br \/>\nKlarant Verlag<br \/>\nTaschenbuch 978-3-68975-248-4<br \/>\nE-Book 978-3-68975-249-1<br \/>\nErscheinungsdatum: Mai 2025<\/p>\n<p>An <a href=\"https:\/\/www.soeren-prescher.de\/wp-content\/uploads\/2025\/06\/OFK3-Nachwort.pdf\" target=\"_blank\" rel=\"noopener\"><strong>dieser<\/strong><\/a> Stelle gibt es ein exklusives Nachwort, das es nicht in die Endfassung des Buchs geschafft hat.<\/p>\n<p>Auf <strong>Ostfrieslandkrimi.de<\/strong> gibt es ein kleines <a href=\"https:\/\/www.ostfrieslandkrimi.de\/interview-mit-soeren-prescher-zur-toedlichen-filmnacht-in-wittmund\/\" target=\"_blank\" rel=\"noopener\"><strong>Interview<\/strong><\/a> zum Roman. Au\u00dferdem ist im Blog eine <a href=\"https:\/\/www.ostfrieslandkrimi.de\/die-leseprobe-zu-mord-in-ostfriesland\/\" target=\"_blank\" rel=\"noopener\"><strong>Leseprobe<\/strong><\/a> zu finden.<\/p>\n<p>Eine ausf\u00fchrliche Rezension gibt es in <a href=\"https:\/\/carmensbuecherkabinett.de\/2025\/10\/10\/prescher-soeren-mord-in-ostfriesland\/\" target=\"_blank\" rel=\"noopener\"><strong>Carmens B\u00fccherkabinett<\/strong><\/a> und bei <strong><a href=\"https:\/\/www.lovelybooks.de\/autor\/S%C3%B6ren-Prescher\/Mord-in-Ostfriesland-Ostfrieslandkrimi-19373876587-w\/\" target=\"_blank\" rel=\"noopener\">Lovelybooks<\/a><\/strong>.<\/p>\n<p>Der Roman ist sowohl im eBook-Format als auch als Taschenbuch erh\u00e4ltlich. Unter anderem bei <a href=\"https:\/\/amzn.to\/4jZQCcF\" target=\"_blank\" rel=\"noopener\"><strong>Amazon.de<\/strong><\/a>.<\/p>\n<p>&nbsp;<\/p>\n<p>&nbsp;<\/p>\n","protected":false},"excerpt":{"rendered":"<p>Der dritte Fall f\u00fcr die Kripo Ostfriesland \u00bbWar der Film echt so schlecht, dass sich die Leute deswegen gegenseitig umbringen?\u00ab Hauptkommissar Henning Karloff genie\u00dft mit seiner Frau die Open-Air-Filmnacht im Wittmunder Schlosspark, als eine pl\u00f6tzliche Unruhe die Sommeridylle zerst\u00f6rt. Zwischen den B\u00fcschen wird ein Mann entdeckt \u2013 niedergestochen, jede Hilfe kommt zu sp\u00e4t. Bei dem [&hellip;]<\/p>\n","protected":false},"author":2,"featured_media":0,"parent":0,"menu_order":0,"comment_status":"closed","ping_status":"closed","template":"","meta":{"footnotes":""},"class_list":["post-2765","page","type-page","status-publish","hentry"],"_links":{"self":[{"href":"https:\/\/www.soeren-prescher.de\/index.php?rest_route=\/wp\/v2\/pages\/2765","targetHints":{"allow":["GET"]}}],"collection":[{"href":"https:\/\/www.soeren-prescher.de\/index.php?rest_route=\/wp\/v2\/pages"}],"about":[{"href":"https:\/\/www.soeren-prescher.de\/index.php?rest_route=\/wp\/v2\/types\/page"}],"author":[{"embeddable":true,"href":"https:\/\/www.soeren-prescher.de\/index.php?rest_route=\/wp\/v2\/users\/2"}],"replies":[{"embeddable":true,"href":"https:\/\/www.soeren-prescher.de\/index.php?rest_route=%2Fwp%2Fv2%2Fcomments&post=2765"}],"version-history":[{"count":11,"href":"https:\/\/www.soeren-prescher.de\/index.php?rest_route=\/wp\/v2\/pages\/2765\/revisions"}],"predecessor-version":[{"id":2972,"href":"https:\/\/www.soeren-prescher.de\/index.php?rest_route=\/wp\/v2\/pages\/2765\/revisions\/2972"}],"wp:attachment":[{"href":"https:\/\/www.soeren-prescher.de\/index.php?rest_route=%2Fwp%2Fv2%2Fmedia&parent=2765"}],"curies":[{"name":"wp","href":"https:\/\/api.w.org\/{rel}","templated":true}]}}