{"id":2711,"date":"2025-01-24T20:25:18","date_gmt":"2025-01-24T19:25:18","guid":{"rendered":"https:\/\/www.soeren-prescher.de\/?page_id=2711"},"modified":"2025-05-15T18:25:24","modified_gmt":"2025-05-15T17:25:24","slug":"mord-in-wittmund","status":"publish","type":"page","link":"https:\/\/www.soeren-prescher.de\/?page_id=2711","title":{"rendered":"Mord in Wittmund"},"content":{"rendered":"<p><a href=\"https:\/\/amzn.to\/40zoRPD\" target=\"_blank\" rel=\"noopener noreferrer\"><img loading=\"lazy\" decoding=\"async\" class=\"alignright wp-image-1892 \" title=\"Mord in Wittmund\" src=\"https:\/\/www.soeren-prescher.de\/wp-content\/uploads\/2025\/01\/OFK2cover.jpg\" alt=\"\" width=\"229\" height=\"344\" \/><\/a><em><strong>Der zweite Fall f\u00fcr die Kripo Ostfriesland<\/strong><\/em><\/p>\n<p><strong>\u00bb \u00bbOffenbar z\u00e4hlte Nadja Deutz nicht unbedingt zu den charmantesten Leuten auf diesem Planeten!\u00ab<\/strong><\/p>\n<p> Nadja Deutz liegt tot in ihrem Garten in Wittmund. Wer hat sie mit einer Armbrust erschossen? Die einzige Zeugin, die sich zur Tatzeit in unmittelbarer N\u00e4he aufhielt, ist blind und kann keinerlei Angaben zum Sch\u00fctzen machen. Die ostfriesischen Kommissare Henning Karloff und Maren Hansen sto\u00dfen auf ein Geflecht aus Intrigen und Feindschaften. Hat ein Kollege von Nadjas Arbeitsplatz t\u00f6dliche Rache genommen? Stimmen die Ger\u00fcchte \u00fcber eine Aff\u00e4re mit dem Ehemann ihrer Freundin Imke? Oder steckt der exzentrische Nachbar, den alle nur den \u203averr\u00fcckten Sven\u2039 nennen, hinter dem Verbrechen? An Verd\u00e4chtigen mangelt es nicht, doch im Armbrust-Mord ist nichts, wie es scheint \u2013 und pl\u00f6tzlich nimmt der Fall eine schockierende Wendung \u2026<\/p>\n<p>Info:<br \/>\nMord in Wittmund<br \/>\n180 Seiten, Deutsch<br \/>\nKlarant Verlag<br \/>\nTaschenbuch 978-3-68975-171-5<br \/>\nE-Book 978-3-68975-172-2<br \/>\nErscheinungsdatum: Februar 2025<\/p>\n<p>Der Roman ist sowohl im eBook-Format als auch als Taschenbuch erh\u00e4ltlich. Unter anderem bei <a href=\"https:\/\/amzn.to\/40zoRPD\" target=\"_blank\" rel=\"noopener\"><strong>Amazon.de<\/strong><\/a>.<\/p>\n<p>&nbsp;<\/p>\n<p>&nbsp;<\/p>\n","protected":false},"excerpt":{"rendered":"<p>Der zweite Fall f\u00fcr die Kripo Ostfriesland \u00bb \u00bbOffenbar z\u00e4hlte Nadja Deutz nicht unbedingt zu den charmantesten Leuten auf diesem Planeten!\u00ab Nadja Deutz liegt tot in ihrem Garten in Wittmund. Wer hat sie mit einer Armbrust erschossen? Die einzige Zeugin, die sich zur Tatzeit in unmittelbarer N\u00e4he aufhielt, ist blind und kann keinerlei Angaben zum [&hellip;]<\/p>\n","protected":false},"author":2,"featured_media":0,"parent":0,"menu_order":0,"comment_status":"closed","ping_status":"closed","template":"","meta":{"footnotes":""},"class_list":["post-2711","page","type-page","status-publish","hentry"],"_links":{"self":[{"href":"https:\/\/www.soeren-prescher.de\/index.php?rest_route=\/wp\/v2\/pages\/2711","targetHints":{"allow":["GET"]}}],"collection":[{"href":"https:\/\/www.soeren-prescher.de\/index.php?rest_route=\/wp\/v2\/pages"}],"about":[{"href":"https:\/\/www.soeren-prescher.de\/index.php?rest_route=\/wp\/v2\/types\/page"}],"author":[{"embeddable":true,"href":"https:\/\/www.soeren-prescher.de\/index.php?rest_route=\/wp\/v2\/users\/2"}],"replies":[{"embeddable":true,"href":"https:\/\/www.soeren-prescher.de\/index.php?rest_route=%2Fwp%2Fv2%2Fcomments&post=2711"}],"version-history":[{"count":4,"href":"https:\/\/www.soeren-prescher.de\/index.php?rest_route=\/wp\/v2\/pages\/2711\/revisions"}],"predecessor-version":[{"id":2784,"href":"https:\/\/www.soeren-prescher.de\/index.php?rest_route=\/wp\/v2\/pages\/2711\/revisions\/2784"}],"wp:attachment":[{"href":"https:\/\/www.soeren-prescher.de\/index.php?rest_route=%2Fwp%2Fv2%2Fmedia&parent=2711"}],"curies":[{"name":"wp","href":"https:\/\/api.w.org\/{rel}","templated":true}]}}