{"id":2512,"date":"2024-05-31T06:41:31","date_gmt":"2024-05-31T05:41:31","guid":{"rendered":"https:\/\/www.soeren-prescher.de\/?page_id=2512"},"modified":"2025-07-27T13:25:07","modified_gmt":"2025-07-27T12:25:07","slug":"die-vormittagsermittlerin","status":"publish","type":"page","link":"https:\/\/www.soeren-prescher.de\/?page_id=2512","title":{"rendered":"Die Vormittagsermittlerin"},"content":{"rendered":"<p><a href=\"https:\/\/www.thalia.de\/shop\/home\/artikeldetails\/A1073699753\" target=\"_blank\" rel=\"noopener noreferrer\"><img loading=\"lazy\" decoding=\"async\" class=\"alignright wp-image-1892 \" title=\"Die Vormittagsermittlerin\" src=\"https:\/\/www.soeren-prescher.de\/wp-content\/uploads\/2024\/05\/VE_small.jpg\" alt=\"\" width=\"229\" height=\"344\" \/><\/a><\/p>\n<p><em><strong>\u00a0<\/strong><\/em><\/p>\n<p>Im fr\u00fcheren Leben war Rebekka Stein bei der Mordkommission besch\u00e4ftigt &#8211; jetzt ist sie die Vormittagsermittlerin. W\u00e4hrend ihre Kinder in der Schule sind, schaut Rebekka\u00a0 sich knifflige Kriminalf\u00e4lle an, in denen die Polizei nicht weiterkommt. Ihr neuester Fall findet praktisch vor ihrer Haust\u00fcr statt. Einer ihrer Nachbarn ist unter ungekl\u00e4rten Umst\u00e4nden ums Leben gekommen. Mehrere andere verhalten sich merkw\u00fcrdig. Worum zum Beispiel geht es bei den vielen heimlichen Treffen bei Nachbar Charlie? Was hat die neugierige Rentnerin Rosa mitbekommen und wieso baut die Anw\u00e4ltin Simone in ihrem Keller ein Pappmodell des ganzen Viertels nach? Je tiefer Rebekka mit ihren Nachforschungen vordringt, desto komplizierter und gef\u00e4hrlicher wird alles. Auch f\u00fcr die Hobbydetektivin selbst.<\/p>\n<p>&nbsp;<\/p>\n<p>Info:<\/p>\n<p>Autor: S\u00f6ren Prescher<br \/>\nISBN: 978-3-98507-838-7<br \/>\nAusstattung: Taschenbuch, 12,5 x 18,7 cm<br \/>\nVerkaufspreis: 7 Euro<br \/>\nErscheinungsdatum: 15. Juli 2024<\/p>\n<p>Nach der Weltbild-Insolvenz war das Taschenbuch (zuerst bei Amazon, dann) einige Zeit exklusiv bei <a href=\"https:\/\/www.thalia.de\/shop\/home\/artikeldetails\/A1073699753\" target=\"_blank\" rel=\"noopener\">Thalia<\/a> erh\u00e4ltlich, wird aber aktuell aufgrund der ungekl\u00e4rten Rechtsfrage nirgendwo angeboten.<\/p>\n<p>Bei <strong><a href=\"https:\/\/youtu.be\/SPiKVJb6Emc?si=-M0ikDA-hlKAEUQC\" target=\"_blank\" rel=\"noopener\">YouTube<\/a><\/strong> gibt es eine kleine Kurzlesung von den ersten Zeilen des Buches.<\/p>\n<p>Im Juli 2025 fand bei den <strong>B\u00fcchereulen<\/strong> eine <strong><a href=\"https:\/\/www.buechereule.de\/wbb\/board\/2453-die-vormittagsermittlerin-soeren-prescher\" target=\"_blank\" rel=\"noopener\">Leserunde<\/a> <\/strong>zum Roman statt, aus dem sich dieser <a href=\"https:\/\/www.buechereule.de\/wbb\/thread\/116878-soeren-prescher-die-vormittagsermittlerin\/\" target=\"_blank\" rel=\"noopener\"><strong>Rezensionsthread<\/strong><\/a> ergab.<\/p>\n","protected":false},"excerpt":{"rendered":"<p>\u00a0 Im fr\u00fcheren Leben war Rebekka Stein bei der Mordkommission besch\u00e4ftigt &#8211; jetzt ist sie die Vormittagsermittlerin. W\u00e4hrend ihre Kinder in der Schule sind, schaut Rebekka\u00a0 sich knifflige Kriminalf\u00e4lle an, in denen die Polizei nicht weiterkommt. Ihr neuester Fall findet praktisch vor ihrer Haust\u00fcr statt. Einer ihrer Nachbarn ist unter ungekl\u00e4rten Umst\u00e4nden ums Leben gekommen. [&hellip;]<\/p>\n","protected":false},"author":2,"featured_media":0,"parent":0,"menu_order":0,"comment_status":"closed","ping_status":"closed","template":"","meta":{"footnotes":""},"class_list":["post-2512","page","type-page","status-publish","hentry"],"_links":{"self":[{"href":"https:\/\/www.soeren-prescher.de\/index.php?rest_route=\/wp\/v2\/pages\/2512","targetHints":{"allow":["GET"]}}],"collection":[{"href":"https:\/\/www.soeren-prescher.de\/index.php?rest_route=\/wp\/v2\/pages"}],"about":[{"href":"https:\/\/www.soeren-prescher.de\/index.php?rest_route=\/wp\/v2\/types\/page"}],"author":[{"embeddable":true,"href":"https:\/\/www.soeren-prescher.de\/index.php?rest_route=\/wp\/v2\/users\/2"}],"replies":[{"embeddable":true,"href":"https:\/\/www.soeren-prescher.de\/index.php?rest_route=%2Fwp%2Fv2%2Fcomments&post=2512"}],"version-history":[{"count":12,"href":"https:\/\/www.soeren-prescher.de\/index.php?rest_route=\/wp\/v2\/pages\/2512\/revisions"}],"predecessor-version":[{"id":2597,"href":"https:\/\/www.soeren-prescher.de\/index.php?rest_route=\/wp\/v2\/pages\/2512\/revisions\/2597"}],"wp:attachment":[{"href":"https:\/\/www.soeren-prescher.de\/index.php?rest_route=%2Fwp%2Fv2%2Fmedia&parent=2512"}],"curies":[{"name":"wp","href":"https:\/\/api.w.org\/{rel}","templated":true}]}}