{"id":2385,"date":"2023-08-19T21:11:19","date_gmt":"2023-08-19T20:11:19","guid":{"rendered":"http:\/\/www.soeren-prescher.de\/?page_id=2385"},"modified":"2025-01-24T20:12:44","modified_gmt":"2025-01-24T19:12:44","slug":"mordsgeschaefte","status":"publish","type":"page","link":"https:\/\/www.soeren-prescher.de\/?page_id=2385","title":{"rendered":"Mordsgesch\u00e4fte"},"content":{"rendered":"<p><a href=\"https:\/\/www.thalia.de\/shop\/home\/artikeldetails\/A1073700448\" target=\"_blank\" rel=\"noopener noreferrer\"><img loading=\"lazy\" decoding=\"async\" class=\"alignright wp-image-1124 size-medium\" title=\"Mordsgesch\u00e4fte\" src=\"https:\/\/www.soeren-prescher.de\/wp-content\/uploads\/2023\/08\/Wachmann1-Mordsgeschaefte.jpg\" alt=\"Mordsgesch\u00e4fte\" width=\"199\" height=\"300\" \/><\/a><\/p>\n<p><em><strong>Der erste Fall f\u00fcr die Wachmanns<br \/>\n<\/strong><\/em><\/p>\n<p>Endlich Ferien! Die Wachmanns freuen sich auf ein paar sonnige Wochen in Schweden. Bl\u00f6d nur, dass Charlotte Wachmann Kriminalkommissarin ist. Und noch bl\u00f6der, dass genau zum Beginn der Urlaubszeit ein h\u00e4sslicher Mord passiert: Der Leiter der lokalen Arbeitsagentur wurde in der Tiefgarage der Beh\u00f6rde erschossen. So steht f\u00fcr Charlotte erst einmal Soko statt Sonne auf dem Programm. Gut, dass ihr Mann Peter die warmen Tage nutzen kann, um auf eigene Faust ebenfalls zu ermitteln. Als Berufsschullehrer kennt er sogar den einen oder anderen Verd\u00e4chtigen. So stehen die beiden bald einem r\u00e4tselhaften Netz von illegalen Gesch\u00e4ften, Ehebruch und unsauberen Machenschaften gegen\u00fcber. Und die Zahl der Verd\u00e4chtigen wird immer gr\u00f6\u00dfer \u2026<\/p>\n<p><em><strong>Mordsgesch\u00e4fte<\/strong><\/em><\/p>\n<ul>\n<li>Autoren: <a href=\"https:\/\/www.weltbild.de\/suche\/Silke%20Porath\">Silke Porath<\/a> , <a href=\"https:\/\/www.weltbild.de\/suche\/S%C3%B6ren%20Prescher\">S\u00f6ren Prescher<\/a><\/li>\n<li>2023, 400 Seiten, Ma\u00dfe: 12,5 x 18,7 cm, Flex. Einband<\/li>\n<li>Verlag: Weltbild Deutschland<\/li>\n<li>ISBN-10: 3985074429<\/li>\n<li>ISBN-13: 9783985074426<\/li>\n<li>Erscheinungsdatum: 02.09.2023<\/li>\n<\/ul>\n<p>Der Roman ist ausschlie\u00dflich bei <strong>Thalia <\/strong>erh\u00e4ltlich und kann <a href=\"https:\/\/www.thalia.de\/shop\/home\/artikeldetails\/A1073700448\" target=\"_blank\" rel=\"noopener noreferrer\"><strong>hier<\/strong><\/a> bestellt werden.<\/p>\n<p>&nbsp;<\/p>\n","protected":false},"excerpt":{"rendered":"<p>Der erste Fall f\u00fcr die Wachmanns Endlich Ferien! Die Wachmanns freuen sich auf ein paar sonnige Wochen in Schweden. Bl\u00f6d nur, dass Charlotte Wachmann Kriminalkommissarin ist. Und noch bl\u00f6der, dass genau zum Beginn der Urlaubszeit ein h\u00e4sslicher Mord passiert: Der Leiter der lokalen Arbeitsagentur wurde in der Tiefgarage der Beh\u00f6rde erschossen. So steht f\u00fcr Charlotte [&hellip;]<\/p>\n","protected":false},"author":2,"featured_media":0,"parent":0,"menu_order":0,"comment_status":"closed","ping_status":"closed","template":"","meta":{"footnotes":""},"class_list":["post-2385","page","type-page","status-publish","hentry"],"_links":{"self":[{"href":"https:\/\/www.soeren-prescher.de\/index.php?rest_route=\/wp\/v2\/pages\/2385","targetHints":{"allow":["GET"]}}],"collection":[{"href":"https:\/\/www.soeren-prescher.de\/index.php?rest_route=\/wp\/v2\/pages"}],"about":[{"href":"https:\/\/www.soeren-prescher.de\/index.php?rest_route=\/wp\/v2\/types\/page"}],"author":[{"embeddable":true,"href":"https:\/\/www.soeren-prescher.de\/index.php?rest_route=\/wp\/v2\/users\/2"}],"replies":[{"embeddable":true,"href":"https:\/\/www.soeren-prescher.de\/index.php?rest_route=%2Fwp%2Fv2%2Fcomments&post=2385"}],"version-history":[{"count":5,"href":"https:\/\/www.soeren-prescher.de\/index.php?rest_route=\/wp\/v2\/pages\/2385\/revisions"}],"predecessor-version":[{"id":2389,"href":"https:\/\/www.soeren-prescher.de\/index.php?rest_route=\/wp\/v2\/pages\/2385\/revisions\/2389"}],"wp:attachment":[{"href":"https:\/\/www.soeren-prescher.de\/index.php?rest_route=%2Fwp%2Fv2%2Fmedia&parent=2385"}],"curies":[{"name":"wp","href":"https:\/\/api.w.org\/{rel}","templated":true}]}}