{"id":2288,"date":"2023-03-05T10:12:01","date_gmt":"2023-03-05T09:12:01","guid":{"rendered":"http:\/\/www.soeren-prescher.de\/?page_id=2288"},"modified":"2023-06-04T13:08:59","modified_gmt":"2023-06-04T12:08:59","slug":"mutterliebe-ein-kiki-holland-justizthriller","status":"publish","type":"page","link":"https:\/\/www.soeren-prescher.de\/?page_id=2288","title":{"rendered":"Mutterliebe"},"content":{"rendered":"<p><a href=\"https:\/\/amzn.to\/3SQKDKb\" target=\"_blank\" rel=\"noopener noreferrer\"><img loading=\"lazy\" decoding=\"async\" class=\"alignright wp-image-1124 size-medium\" title=\"Mord mit Ostseebrise\" src=\"https:\/\/www.soeren-prescher.de\/wp-content\/uploads\/2023\/03\/KimSelvig_Mutterliebe.jpg\" alt=\"Mutterliebe\" width=\"199\" height=\"300\" \/><\/a><\/p>\n<p><em><strong>Der erste Justizthriller f\u00fcr Kiki Holland<br \/>\n<\/strong><\/em><\/p>\n<p><strong>Nirgends bist du sicherer als in den Armen deiner Mutter<br \/>\n<\/strong><em>Ein Ausflug mit Mama in den Wald. Dichte B\u00e4ume, eine Lichtung mit verwunschenem Teich. Mama gibt uns Tee zu trinken. Ich werde m\u00fcde, Mama dr\u00fcckt mich &#8211; immer fester, ihre H\u00e4nde legen sich um meinen Hals. Ich kann nicht atmen, will ich sagen, doch es geht nicht. Was tust du nur, Mama?<br \/>\n<\/em>Ein kleines Kind, brutal im Wald erstickt. Die Mutter auf der Anklagebank. Gerichtsreporterin Kiki Holland zweifelt an der Schuld der Angeklagten und recherchiert auf eigene Faust. Und was die junge Journalistin aufdeckt, h\u00e4tte niemand erwarten k\u00f6nnen.<\/p>\n<p>Ein authentischer und spannender Blick in die tiefsten Abgr\u00fcnde der Seele. Zwischen Gerichtssaal und Recherche: Gerichtsreporterin Kiki Holland wei\u00df, wie sie die B\u00f6sen drankriegt<\/p>\n<p><em><strong>\u201eMutterliebe\u201c (mit Silke Porath)<\/strong><\/em><\/p>\n<p>(Unter dem Pseudonym Kim Selvig)<\/p>\n<ul>\n<li><b>Verlag:<\/b> Harper Collins Verlag (April 2023)<\/li>\n<li><strong>Preis:<\/strong> 13 Euro<\/li>\n<li><strong>ISBN:<\/strong> <span class=\"a-list-item\"><span class=\"a-text-bold\"> \u200e <\/span> 978-3365002681<\/span><\/li>\n<li><strong>ASIN:<\/strong> <span class=\"a-list-item\">B0BHTQR5QL<\/span><\/li>\n<\/ul>\n<p>Der Roman ist \u00fcberall im Buchhandel erh\u00e4ltlich und kann <a href=\"https:\/\/amzn.to\/3SQKDKb\" target=\"_blank\" rel=\"noopener noreferrer\"><strong>hier<\/strong><\/a> bestellt werden. Eine Leseprobe gibt es <strong><a href=\"https:\/\/www.soeren-prescher.de\/wp-content\/uploads\/2023\/06\/SelvigK_Mutterliebe_Leseprobe.pdf\" target=\"_blank\" rel=\"noopener\">an dieser Stelle<\/a><\/strong> zum Download.<\/p>\n","protected":false},"excerpt":{"rendered":"<p>Der erste Justizthriller f\u00fcr Kiki Holland Nirgends bist du sicherer als in den Armen deiner Mutter Ein Ausflug mit Mama in den Wald. Dichte B\u00e4ume, eine Lichtung mit verwunschenem Teich. Mama gibt uns Tee zu trinken. Ich werde m\u00fcde, Mama dr\u00fcckt mich &#8211; immer fester, ihre H\u00e4nde legen sich um meinen Hals. Ich kann nicht [&hellip;]<\/p>\n","protected":false},"author":2,"featured_media":0,"parent":0,"menu_order":0,"comment_status":"closed","ping_status":"closed","template":"","meta":{"footnotes":""},"class_list":["post-2288","page","type-page","status-publish","hentry"],"_links":{"self":[{"href":"https:\/\/www.soeren-prescher.de\/index.php?rest_route=\/wp\/v2\/pages\/2288","targetHints":{"allow":["GET"]}}],"collection":[{"href":"https:\/\/www.soeren-prescher.de\/index.php?rest_route=\/wp\/v2\/pages"}],"about":[{"href":"https:\/\/www.soeren-prescher.de\/index.php?rest_route=\/wp\/v2\/types\/page"}],"author":[{"embeddable":true,"href":"https:\/\/www.soeren-prescher.de\/index.php?rest_route=\/wp\/v2\/users\/2"}],"replies":[{"embeddable":true,"href":"https:\/\/www.soeren-prescher.de\/index.php?rest_route=%2Fwp%2Fv2%2Fcomments&post=2288"}],"version-history":[{"count":4,"href":"https:\/\/www.soeren-prescher.de\/index.php?rest_route=\/wp\/v2\/pages\/2288\/revisions"}],"predecessor-version":[{"id":2351,"href":"https:\/\/www.soeren-prescher.de\/index.php?rest_route=\/wp\/v2\/pages\/2288\/revisions\/2351"}],"wp:attachment":[{"href":"https:\/\/www.soeren-prescher.de\/index.php?rest_route=%2Fwp%2Fv2%2Fmedia&parent=2288"}],"curies":[{"name":"wp","href":"https:\/\/api.w.org\/{rel}","templated":true}]}}