{"id":2020,"date":"2021-08-26T18:15:57","date_gmt":"2021-08-26T17:15:57","guid":{"rendered":"http:\/\/www.soeren-prescher.de\/?page_id=2020"},"modified":"2022-07-01T11:49:50","modified_gmt":"2022-07-01T10:49:50","slug":"der-unglueckliche-glueckspilz","status":"publish","type":"page","link":"https:\/\/www.soeren-prescher.de\/?page_id=2020","title":{"rendered":"Der ungl\u00fcckliche Gl\u00fcckspilz"},"content":{"rendered":"<p><a href=\"https:\/\/www.amazon.de\/gp\/product\/B09DPYJV9F\/ref=as_li_qf_asin_il_tl?ie=UTF8&amp;tag=sorenprescher-21&amp;creative=6742&amp;linkCode=as2&amp;creativeASIN=B09DPYJV9F&amp;linkId=709bfec6561284f622a418464e4c1e42\" target=\"_blank\" rel=\"noopener noreferrer\"><img loading=\"lazy\" decoding=\"async\" class=\"alignright wp-image-1892 \" title=\"Der ungl\u00fcckliche Gl\u00fcckspilz\" src=\"https:\/\/www.soeren-prescher.de\/wp-content\/uploads\/2021\/08\/AdHg5_medium.jpg\" alt=\"\" width=\"229\" height=\"344\" \/><\/a><\/p>\n<p><em><strong>Der f\u00fcnfte Fall f\u00fcr Mark und Felix<br \/>\n<\/strong><\/em><\/p>\n<p>Das Trio mit zwei Pfoten ist zur\u00fcck. In ihrem f\u00fcnften Fall untersuchen Mark, Felix und Dominik den Mord an Familienvater Christoph Schwarz, der erst vor kurzem mehrere Millionen Euro im Lotto gewonnen hat. Zun\u00e4chst glauben die Ermittler an einen ungl\u00fccklichen Zufall, aber das ist, bevor sie herausfinden, dass der Mann kurz vor seiner Ermordung eine betr\u00e4chtliche Summe Bargeld abhob und seine Ehefrau und Tochter nicht die einzige Familie waren. Wurde Schwarz vielleicht das Opfer eines schiefgelaufenen Erpressungsversuchs oder steckt etwas v\u00f6llig anderes dahinter?<\/p>\n<p>Band F\u00fcnf der beliebten Krimi-Reihe.<\/p>\n<p><em>&#8222;Ein Hund zum Knutschen, ein cleverer Ermittler und ein fieser Mord &#8211; perfekter Krimispa\u00df.&#8220;<\/em> &#8211; Silke Porath<\/p>\n<p>&nbsp;<\/p>\n<p>Info:<br \/>\nAutor: S\u00f6ren Prescher,<br \/>\n300 Seiten, Deutsch<br \/>\nVerlag: Edel Elements<br \/>\nISBN: 978-3-96215-383-0<br \/>\nASIN : B09DPYJV9F<br \/>\nErscheinungsdatum: 17. September 2021<\/p>\n<p>Der Roman ist unter anderem bei <strong><a href=\"https:\/\/www.amazon.de\/gp\/product\/B09DPYJV9F\/ref=as_li_qf_asin_il_tl?ie=UTF8&amp;tag=sorenprescher-21&amp;creative=6742&amp;linkCode=as2&amp;creativeASIN=B09DPYJV9F&amp;linkId=32aa35e888054926e63984a5fc9dbfc1\">Amazon.de <\/a><\/strong>erh\u00e4ltlich.<\/p>\n<p><span class=\"_44bj\">Bei <a href=\"https:\/\/www.facebook.com\/257009337651970\/videos\/617902115332042\/\" target=\"_blank\" rel=\"noopener noreferrer\"><strong>Facebook<\/strong><\/a> und auf <a href=\"https:\/\/www.youtube.com\/watch?v=DZqR8KU4zWE\" target=\"_blank\" rel=\"noopener noreferrer\"><strong>YouTube<\/strong><\/a> gibt es ein knapp dreimin\u00fctiges Video, in dem ich die Krimi-Reihe vorstelle.<\/span><\/p>\n<p>Au\u00dferdem habe ich extra f\u00fcr den Start der zweiten Staffel einen kleinen Promo-Clip aufgenommen, den ihr <a href=\"https:\/\/www.youtube.com\/watch?v=icJV_AEe2xM\"><strong>an dieser Stelle<\/strong><\/a> anschauen k\u00f6nnt.<\/p>\n<p>\u00dcberdies gibt es zum f\u00fcnften Band einen <a href=\"https:\/\/youtu.be\/TUwErJGOuZQ\" target=\"_blank\" rel=\"noopener\"><strong>kleinen Extra-Promo-Clip<\/strong><\/a>.<\/p>\n<p><strong>Im Herbst 2021 fand auf Lovelybooks eine <a href=\"https:\/\/www.lovelybooks.de\/autor\/S%C3%B6ren-Prescher\/Der-ungl%C3%BCckliche-Gl%C3%BCckspilz-Der-f%C3%BCnfte-Fall-f%C3%BCr-Mark-Felix-3229026080-w\/leserunde\/3229026042\/3229025711\/#thread\" target=\"_blank\" rel=\"noopener\">Leserunde<\/a> zu &#8222;Der ungl\u00fcckliche Gl\u00fcckspilz &#8211; Der f\u00fcnfte Fall f\u00fcr Mark und Felix&#8220; statt:<\/strong><\/p>\n<p><a href=\"https:\/\/www.lovelybooks.de\/autor\/S%C3%B6ren-Prescher\/Der-ungl%C3%BCckliche-Gl%C3%BCckspilz-Der-f%C3%BCnfte-Fall-f%C3%BCr-Mark-Felix-3229026080-w\/rezension\/3479872469\/\" target=\"_blank\" rel=\"noopener\">Rezension von Kari005:<\/a><br \/>\nDer Roman ist gut und verst\u00e4ndlich geschrieben und gibt auch zu einem gewissen Teil Einsicht in die Polizeiarbeit, die nicht immer leicht ist und bei der es nicht immer sofort eine hei\u00dfe Spur gibt. Dies hat mir sehr gut gefallen und auch das Ende ist sehr gelungen.<\/p>\n<p><a href=\"https:\/\/www.lovelybooks.de\/autor\/S%C3%B6ren-Prescher\/Der-ungl%C3%BCckliche-Gl%C3%BCckspilz-Der-f%C3%BCnfte-Fall-f%C3%BCr-Mark-Felix-3229026080-w\/rezension\/3526937719\/\" target=\"_blank\" rel=\"noopener\">Rezension von Babs007:<\/a><br \/>\nEin toller spannender Krimi in dem auch Humor nicht zu kurz kommt. Freue mich schon jetzt auf den n\u00e4chsten Roman von S\u00f6ren Prescher.<\/p>\n<p><a href=\"https:\/\/www.lovelybooks.de\/autor\/S%C3%B6ren-Prescher\/Der-ungl%C3%BCckliche-Gl%C3%BCckspilz-Der-f%C3%BCnfte-Fall-f%C3%BCr-Mark-Felix-3229026080-w\/rezension\/3526938887\/\" target=\"_blank\" rel=\"noopener\">Rezension von SaintGermain:<\/a><br \/>\nDer Schreibstil des Autors ist hervorragend; Charaktere und Orte werden bildhaft dargestellt. Auch kleine Humoreinlagen l\u00e4sst dieser Regionalkrimi nicht vermissen, obwohl der Fall und damit der Krimi hier definitiv im Vordergrund liegt. Fazit: Toller Regionalkrimi mit gut geplanten Protagonisten. 5 von 5 Sternen<\/p>\n<p><a href=\"https:\/\/www.lovelybooks.de\/autor\/S%C3%B6ren-Prescher\/Der-ungl%C3%BCckliche-Gl%C3%BCckspilz-Der-f%C3%BCnfte-Fall-f%C3%BCr-Mark-Felix-3229026080-w\/rezension\/3413696130\/\" target=\"_blank\" rel=\"noopener\">Rezension von wirkommu:<\/a><br \/>\nEs geht nicht hektisch zu. Man ermittelt und das dauert halt. Das M\u00fchsame an der Beweisssammlung wird deutlich gemacht. Man erf\u00e4hrt viel \u00fcber bestimmte Richtungen der Musikszene. Witzig, wie die Titel immer die aktuelle Situation oder Befindlichkeiten der Ermittler widerspiegeln. Und immer wieder werden Bemerkungen eingestreut, die auf andere Krimiautoren und deren Protagonisten verweisen. Kurzweilig.<\/p>\n<p><a href=\"https:\/\/www.lovelybooks.de\/autor\/S%C3%B6ren-Prescher\/Der-ungl%C3%BCckliche-Gl%C3%BCckspilz-Der-f%C3%BCnfte-Fall-f%C3%BCr-Mark-Felix-3229026080-w\/\" target=\"_blank\" rel=\"noopener\">Rezension von Herzchentante:<\/a><br \/>\nDas Buch liest sich sehr z\u00fcgig und ist spannend geschrieben. Ich konnte mich gut in die beschriebenen Situationen, Beschreibungen und Charaktere einfinden. Der Schreibstil ist genauso wie ich ihn mag und hat mich auch an manchen Stellen schmunzeln lassen. Au\u00dferdem mag ich die Playlist am Ende, von der ich mir wieder einige Songs runtergeladen habe. Ich hoffe, es gibt noch viele weitere F\u00e4lle f\u00fcr Mark und Felix.<\/p>\n<p><a href=\"https:\/\/www.lovelybooks.de\/autor\/S%C3%B6ren-Prescher\/Der-ungl%C3%BCckliche-Gl%C3%BCckspilz-Der-f%C3%BCnfte-Fall-f%C3%BCr-Mark-Felix-3229026080-w\/rezension\/3431170319\/\" target=\"_blank\" rel=\"noopener\">Rezension von Judith_007:<\/a><br \/>\nDas Buch ist spannend geschrieben. Der Leser r\u00e4tselt mit, wer der M\u00f6rder sein k\u00f6nnte und wird teils durch die Ergebnisse der Ermittlungsarbeit auf falsche Spuren gesetzt. Was die Spannung erh\u00f6hte. Die Protagonisten waren mir sympathisch und man konnte deren Stimmung gut mitf\u00fchlen. Ich empfehle dieses Buch f\u00fcr alle Krimi- und Musikfans weiter.<\/p>\n<p><a href=\"https:\/\/www.lovelybooks.de\/autor\/S%C3%B6ren-Prescher\/Der-ungl%C3%BCckliche-Gl%C3%BCckspilz-Der-f%C3%BCnfte-Fall-f%C3%BCr-Mark-Felix-3229026080-w\/rezension\/3413696130\/\" target=\"_blank\" rel=\"noopener\">Rezension von Isis55:<\/a><br \/>\nDie Aufkl\u00e4rung des Falles ist schl\u00fcssig und \u00fcberzeugend.<\/p>\n<p>&nbsp;<\/p>\n","protected":false},"excerpt":{"rendered":"<p>Der f\u00fcnfte Fall f\u00fcr Mark und Felix Das Trio mit zwei Pfoten ist zur\u00fcck. In ihrem f\u00fcnften Fall untersuchen Mark, Felix und Dominik den Mord an Familienvater Christoph Schwarz, der erst vor kurzem mehrere Millionen Euro im Lotto gewonnen hat. Zun\u00e4chst glauben die Ermittler an einen ungl\u00fccklichen Zufall, aber das ist, bevor sie herausfinden, dass [&hellip;]<\/p>\n","protected":false},"author":2,"featured_media":0,"parent":0,"menu_order":0,"comment_status":"closed","ping_status":"closed","template":"","meta":{"footnotes":""},"class_list":["post-2020","page","type-page","status-publish","hentry"],"_links":{"self":[{"href":"https:\/\/www.soeren-prescher.de\/index.php?rest_route=\/wp\/v2\/pages\/2020","targetHints":{"allow":["GET"]}}],"collection":[{"href":"https:\/\/www.soeren-prescher.de\/index.php?rest_route=\/wp\/v2\/pages"}],"about":[{"href":"https:\/\/www.soeren-prescher.de\/index.php?rest_route=\/wp\/v2\/types\/page"}],"author":[{"embeddable":true,"href":"https:\/\/www.soeren-prescher.de\/index.php?rest_route=\/wp\/v2\/users\/2"}],"replies":[{"embeddable":true,"href":"https:\/\/www.soeren-prescher.de\/index.php?rest_route=%2Fwp%2Fv2%2Fcomments&post=2020"}],"version-history":[{"count":9,"href":"https:\/\/www.soeren-prescher.de\/index.php?rest_route=\/wp\/v2\/pages\/2020\/revisions"}],"predecessor-version":[{"id":2200,"href":"https:\/\/www.soeren-prescher.de\/index.php?rest_route=\/wp\/v2\/pages\/2020\/revisions\/2200"}],"wp:attachment":[{"href":"https:\/\/www.soeren-prescher.de\/index.php?rest_route=%2Fwp%2Fv2%2Fmedia&parent=2020"}],"curies":[{"name":"wp","href":"https:\/\/api.w.org\/{rel}","templated":true}]}}