{"id":1978,"date":"2021-05-28T15:45:31","date_gmt":"2021-05-28T14:45:31","guid":{"rendered":"http:\/\/www.soeren-prescher.de\/?page_id=1978"},"modified":"2022-10-04T21:02:06","modified_gmt":"2022-10-04T20:02:06","slug":"mord-mit-alpenblick","status":"publish","type":"page","link":"https:\/\/www.soeren-prescher.de\/?page_id=1978","title":{"rendered":"Mord mit Alpenblick"},"content":{"rendered":"<p><a href=\"https:\/\/www.weltbild.de\/artikel\/buch\/mord-mit-alpenblick_33611569-1?ln=U3VjaGV8U3VjaGVyZ2Vibmlz\" target=\"_blank\" rel=\"noopener noreferrer\"><img loading=\"lazy\" decoding=\"async\" class=\"alignright wp-image-1124 size-medium\" title=\"Mord mit Alpenblick\" src=\"https:\/\/www.soeren-prescher.de\/wp-content\/uploads\/2021\/05\/MordmitAlpenblick3.jpg\" alt=\"Mord mit Alpenblick\" width=\"199\" height=\"300\" \/><\/a><\/p>\n<p><em><strong>Der vierte Fall f\u00fcr Herrchen Schr\u00f6dinger und Boxer Horst<\/strong><\/em><\/p>\n<p>Tuttlingen steht unter Wasser. Ganz Tuttlingen? Nein \u2013 aber immerhin die Wohnung von Schr\u00f6dinger und seiner Liebsten Marion. Solange die Handwerker damit besch\u00e4ftigt sind, die morschen Rohre in Ordnung zu bringen, wird Urlaub gemacht. Ferien auf dem Biobauernhof im Allg\u00e4u, mit Kindern, Hund, Kaninchen und Schwiegermutter! Doch der Urlaubstraum wird j\u00e4h zerst\u00f6rt, als eines Morgens der Biobauer Gerwin tot im Stall liegt. So beginnt wieder einmal ein Fall f\u00fcr Hobbyermittler Schr\u00f6dinger und seinen klugen Boxer Horst. Und bald zeigt sich, dass das l\u00e4ndliche Idyll auch seine d\u00fcsteren Seiten hat \u2026<\/p>\n<p><em><strong>Mord mit Alpenblick<\/strong><\/em><\/p>\n<p>Autoren: Silke Porath , S\u00f6ren Prescher<br \/>\n416 Seiten, Ma\u00dfe: 12,5 x 18,7 cm, Flex. Einband<br \/>\nVerlag: Weltbild Deutschland<br \/>\nISBN-10: 3963776927<br \/>\nISBN-13: 9783963776922<br \/>\nErscheinungsdatum: 02.06.2021<br \/>\n<a href=\"https:\/\/www.weltbild.de\/media\/txt\/pdf\/9783963776922-315.006.025.pdf\" target=\"_blank\" rel=\"noopener noreferrer\">Leseprobe<\/a><\/p>\n<p>Der Roman ist ausschlie\u00dflich bei <strong>Weltbild<\/strong> erh\u00e4ltlich und kann <a href=\"https:\/\/www.weltbild.de\/artikel\/buch\/mord-mit-alpenblick_33611569-1?ln=U3VjaGV8U3VjaGVyZ2Vibmlz\" target=\"_blank\" rel=\"noopener noreferrer\"><strong>hier<\/strong><\/a> bestellt werden.<\/p>\n<p>Im N\u00fcrnberger Marktspiegel ist <a href=\"https:\/\/www.marktspiegel.de\/bayern\/c-panorama\/wer-hat-gerwin-fuchs-mit-der-mistgabel-erstochen_a74086?fbclid=IwAR1AbJHEIFyJQ-7C5U9Tr9vEEn7eUjbGnbU9HjfX_ubQHs2dEjDB-vXD0ng\" rel=\"noopener\"><strong>hier<\/strong><\/a> ein sch\u00f6ner Artikel zum Roman erschienen.<\/p>\n","protected":false},"excerpt":{"rendered":"<p>Der vierte Fall f\u00fcr Herrchen Schr\u00f6dinger und Boxer Horst Tuttlingen steht unter Wasser. Ganz Tuttlingen? Nein \u2013 aber immerhin die Wohnung von Schr\u00f6dinger und seiner Liebsten Marion. Solange die Handwerker damit besch\u00e4ftigt sind, die morschen Rohre in Ordnung zu bringen, wird Urlaub gemacht. Ferien auf dem Biobauernhof im Allg\u00e4u, mit Kindern, Hund, Kaninchen und Schwiegermutter! [&hellip;]<\/p>\n","protected":false},"author":2,"featured_media":0,"parent":0,"menu_order":0,"comment_status":"closed","ping_status":"closed","template":"","meta":{"footnotes":""},"class_list":["post-1978","page","type-page","status-publish","hentry"],"_links":{"self":[{"href":"https:\/\/www.soeren-prescher.de\/index.php?rest_route=\/wp\/v2\/pages\/1978","targetHints":{"allow":["GET"]}}],"collection":[{"href":"https:\/\/www.soeren-prescher.de\/index.php?rest_route=\/wp\/v2\/pages"}],"about":[{"href":"https:\/\/www.soeren-prescher.de\/index.php?rest_route=\/wp\/v2\/types\/page"}],"author":[{"embeddable":true,"href":"https:\/\/www.soeren-prescher.de\/index.php?rest_route=\/wp\/v2\/users\/2"}],"replies":[{"embeddable":true,"href":"https:\/\/www.soeren-prescher.de\/index.php?rest_route=%2Fwp%2Fv2%2Fcomments&post=1978"}],"version-history":[{"count":5,"href":"https:\/\/www.soeren-prescher.de\/index.php?rest_route=\/wp\/v2\/pages\/1978\/revisions"}],"predecessor-version":[{"id":2246,"href":"https:\/\/www.soeren-prescher.de\/index.php?rest_route=\/wp\/v2\/pages\/1978\/revisions\/2246"}],"wp:attachment":[{"href":"https:\/\/www.soeren-prescher.de\/index.php?rest_route=%2Fwp%2Fv2%2Fmedia&parent=1978"}],"curies":[{"name":"wp","href":"https:\/\/api.w.org\/{rel}","templated":true}]}}