{"id":1679,"date":"2020-04-25T15:07:53","date_gmt":"2020-04-25T14:07:53","guid":{"rendered":"http:\/\/www.soeren-prescher.de\/?page_id=1679"},"modified":"2022-10-04T21:01:32","modified_gmt":"2022-10-04T20:01:32","slug":"mord-mit-donauwellen","status":"publish","type":"page","link":"https:\/\/www.soeren-prescher.de\/?page_id=1679","title":{"rendered":"Mord mit Donauwellen"},"content":{"rendered":"<p><a href=\"https:\/\/www.weltbild.de\/artikel\/buch\/mord-mit-donauwellen_26803231-1?ln=U3VjaGV8U3VjaGVyZ2Vibmlz&amp;fbclid=IwAR0GoN1zvGWHc5ycOz2yT1U0_u1FkmC6ESBz9ztGdQz6FnazdiFTW9G94ug#product-description\" target=\"_blank\" rel=\"noopener noreferrer\"><img loading=\"lazy\" decoding=\"async\" class=\"alignright wp-image-1124 size-medium\" title=\"Mord mit Donauwellen\" src=\"https:\/\/www.soeren-prescher.de\/wp-content\/uploads\/2020\/04\/MordMitDonauwellen_small.jpg\" alt=\"Mord mit Donauwellen\" width=\"199\" height=\"300\" \/><\/a><\/p>\n<p><em><strong>Der dritte Fall f\u00fcr Herrchen Schr\u00f6dinger und Boxer Horst<\/strong><\/em><\/p>\n<p>Schr\u00f6dinger ist umgezogen, um seiner Marion n\u00e4her zu sein. Gar nicht so einfach, dieser Sprung von Hannover nach Tuttlingen an der sch\u00f6nen blauen Donau. Und das Leben als Bonuspapa hat auch so seine T\u00fccken: Um sich bei den Kindern beliebt zu machen, baut er einen Kaninchenstall und will ihnen den passenden Bewohner kaufen. Auf der Ausstellung des Kaninchenzuchtvereins passiert dann das Unvermeidliche: Horst findet wieder mal eine Leiche. Um undercover im Zuchtverein zu ermitteln, wird Schr\u00f6dinger selbst Mitglied und stellt schnell fest, dass das Vereinsleben so seine T\u00fccken hat. Und dann geschieht ein zweiter Mord \u2026<\/p>\n<p><em><strong>\u201eMord mit Donauwellen\u201c (mit Silke Porath)<br \/>\n<\/strong><\/em><\/p>\n<ul>\n<li><b>Verlag:<\/b> Weltbild Verlag (Mai 2020)<\/li>\n<li><strong>Preis:<\/strong> 10,99 Euro<\/li>\n<li><strong>ISBN:<\/strong> 9783963774744<\/li>\n<li><a href=\"https:\/\/www.weltbild.de\/media\/txt\/pdf\/9783963774744-297.177.834.pdf\" target=\"_blank\" rel=\"noopener noreferrer\">Leseprobe<\/a><\/li>\n<\/ul>\n<p>Der Roman ist ausschlie\u00dflich bei <strong>Weltbild<\/strong> erh\u00e4ltlich und kann <a href=\"https:\/\/www.weltbild.de\/artikel\/buch\/mord-mit-donauwellen_26803231-1?ln=U3VjaGV8U3VjaGVyZ2Vibmlz#productdetails\" target=\"_blank\" rel=\"noopener noreferrer\"><strong>hier<\/strong><\/a> bestellt werden.<\/p>\n","protected":false},"excerpt":{"rendered":"<p>Der dritte Fall f\u00fcr Herrchen Schr\u00f6dinger und Boxer Horst Schr\u00f6dinger ist umgezogen, um seiner Marion n\u00e4her zu sein. Gar nicht so einfach, dieser Sprung von Hannover nach Tuttlingen an der sch\u00f6nen blauen Donau. Und das Leben als Bonuspapa hat auch so seine T\u00fccken: Um sich bei den Kindern beliebt zu machen, baut er einen Kaninchenstall [&hellip;]<\/p>\n","protected":false},"author":2,"featured_media":0,"parent":0,"menu_order":0,"comment_status":"closed","ping_status":"closed","template":"","meta":{"footnotes":""},"class_list":["post-1679","page","type-page","status-publish","hentry"],"_links":{"self":[{"href":"https:\/\/www.soeren-prescher.de\/index.php?rest_route=\/wp\/v2\/pages\/1679","targetHints":{"allow":["GET"]}}],"collection":[{"href":"https:\/\/www.soeren-prescher.de\/index.php?rest_route=\/wp\/v2\/pages"}],"about":[{"href":"https:\/\/www.soeren-prescher.de\/index.php?rest_route=\/wp\/v2\/types\/page"}],"author":[{"embeddable":true,"href":"https:\/\/www.soeren-prescher.de\/index.php?rest_route=\/wp\/v2\/users\/2"}],"replies":[{"embeddable":true,"href":"https:\/\/www.soeren-prescher.de\/index.php?rest_route=%2Fwp%2Fv2%2Fcomments&post=1679"}],"version-history":[{"count":1,"href":"https:\/\/www.soeren-prescher.de\/index.php?rest_route=\/wp\/v2\/pages\/1679\/revisions"}],"predecessor-version":[{"id":2245,"href":"https:\/\/www.soeren-prescher.de\/index.php?rest_route=\/wp\/v2\/pages\/1679\/revisions\/2245"}],"wp:attachment":[{"href":"https:\/\/www.soeren-prescher.de\/index.php?rest_route=%2Fwp%2Fv2%2Fmedia&parent=1679"}],"curies":[{"name":"wp","href":"https:\/\/api.w.org\/{rel}","templated":true}]}}