{"id":157,"date":"2012-08-26T14:01:28","date_gmt":"2012-08-26T12:01:28","guid":{"rendered":"http:\/\/fictionmaster.rivido.de\/?page_id=157"},"modified":"2014-01-23T18:30:35","modified_gmt":"2014-01-23T18:30:35","slug":"der-fall-nemesis","status":"publish","type":"page","link":"https:\/\/www.soeren-prescher.de\/?page_id=157","title":{"rendered":"Der Fall Nemesis"},"content":{"rendered":"<p><a title=\"Der Fall Nemesis\" href=\"http:\/\/www.amazon.de\/gp\/product\/3950270159\/ref=as_li_qf_sp_asin_il_tl?ie=UTF8&amp;camp=1638&amp;creative=6742&amp;creativeASIN=3950270159&amp;linkCode=as2&amp;tag=sorenprescher-21\" target=\"_blank\"><img loading=\"lazy\" decoding=\"async\" class=\"alignright size-full wp-image-83\" title=\"Der Fall Nemesis\" src=\"http:\/\/fictionmaster.rivido.de\/wp-content\/uploads\/2012\/08\/cover_nemesis.jpg\" alt=\"\" width=\"200\" height=\"300\" \/><\/a>Mehrere M\u00e4nner werden in den USA brutal ermordet aufgefunden. Die einzige Spur am Tatort ist der vom T\u00e4ter hinterlassene Schriftzug Nemesis. Da s\u00e4mtliche Opfer Angeh\u00f6rige des Milit\u00e4rs waren, erhalten der Major John Brooks und sein Partner Andrew Watts den Auftrag, die Mordserie zu untersuchen. Dabei sto\u00dfen sie auf ein Netz aus Verschw\u00f6rungen und Intrigen, in das sie immer tiefer hineingeraten. Selbst ihre Vorgesetzten gew\u00e4hren ihnen nur z\u00f6gernd Hilfe, denn sie alle haben Angst, das herauskommt, was wirklich hinter Nemesis steckt&#8230;<\/p>\n<p>Paperback Thriller<br \/>\nca. 230 Seiten<br \/>\nISBN: 978-3-9502701-5-0<br \/>\nPreis: EUR 14,90<\/p>\n<p>Erh\u00e4ltlich in jedem guten Buchhandel, im Internet (z.B. im <a href=\"http:\/\/shop.voodoo-press.com\/index.php?main_page=product_info&amp;cPath=4&amp;products_id=17&amp;zenid=3hsgrt17k49c7m0k04c3j0fec4\" target=\"_blank\"><strong>Verlagsshop<\/strong><\/a> und bei <a title=\"Amazon.de: Der Fall Nemesis\" href=\"http:\/\/www.amazon.de\/gp\/product\/3950270159\/ref=as_li_qf_sp_asin_il_tl?ie=UTF8&amp;camp=1638&amp;creative=6742&amp;creativeASIN=3950270159&amp;linkCode=as2&amp;tag=sorenprescher-21\" target=\"_blank\"><strong>Amazon<\/strong><\/a>) und als eBook (z.B. bei <a href=\"http:\/\/www.beam-ebooks.de\/ebook\/16793\" target=\"_blank\"><strong>Beam eBooks<\/strong><\/a>).<\/p>\n<p>Du kannst eine <strong><a href=\"http:\/\/fictionmaster.rivido.de\/wp-content\/uploads\/2012\/08\/leseprobe_nemesis.pdf\">Leseprobe<\/a><\/strong> herunterladen.<\/p>\n<h2>Kritiken &amp; Presse-Infos<\/h2>\n<table class=\"auto-style1\" style=\"border-collapse: collapse; width: 100%;\" cellspacing=\"3\">\n<tbody>\n<tr>\n<td style=\"width: 33%;\"><strong><\/strong><a href=\"http:\/\/fictionmaster.rivido.de\/wp-content\/uploads\/2012\/08\/presse_nemesis_rcn145.jpg\"><img loading=\"lazy\" decoding=\"async\" class=\"alignnone size-thumbnail wp-image-162\" title=\"RCN #145\" src=\"http:\/\/fictionmaster.rivido.de\/wp-content\/uploads\/2012\/08\/presse_nemesis_rcn145-150x150.jpg\" alt=\"\" width=\"150\" height=\"150\" \/><\/a><br \/>\n<strong>RCN # 145<\/strong><br \/>\nFebruar 2011<\/td>\n<td style=\"width: 33%;\"><strong><a href=\"http:\/\/fictionmaster.rivido.de\/wp-content\/uploads\/2012\/08\/presse_nemesis_marktspiegel.jpg\"><img loading=\"lazy\" decoding=\"async\" class=\"alignnone size-thumbnail wp-image-160\" title=\"Marktspiegel\" src=\"http:\/\/fictionmaster.rivido.de\/wp-content\/uploads\/2012\/08\/presse_nemesis_marktspiegel-150x150.jpg\" alt=\"\" width=\"150\" height=\"150\" \/><\/a><br \/>\nMarktspiegel<\/strong><br \/>\n6.4.2011<\/td>\n<td style=\"width: 33%;\"><a href=\"http:\/\/fictionmaster.rivido.de\/wp-content\/uploads\/2012\/08\/presse_nemesis_nn.jpg\"><img loading=\"lazy\" decoding=\"async\" class=\"alignnone size-thumbnail wp-image-161\" title=\"N\u00fcrnberger Nachrichten\" src=\"http:\/\/fictionmaster.rivido.de\/wp-content\/uploads\/2012\/08\/presse_nemesis_nn-150x150.jpg\" alt=\"\" width=\"150\" height=\"150\" \/><\/a><br \/>\n<strong>N\u00fcrnberger Nachrichten<\/strong><br \/>\n18.4.2011<\/td>\n<\/tr>\n<\/tbody>\n<\/table>\n<p>&nbsp;<\/p>\n<ul>\n<li><a href=\"http:\/\/www.fantasyguide.de\/11349.0.html\" target=\"_blank\"><strong>Rezension von Torsten Scheib<\/strong><\/a> auf Fantasyguide.de<\/li>\n<li><a href=\"http:\/\/www.buechereule.de\/wbb2\/thread.php?threadid=54505\" target=\"_blank\"><strong>Rezensionen<\/strong><\/a> auf Buechereule.de<\/li>\n<li><a href=\"http:\/\/www.buchhandlung-lesenswert-duisburg.de\/der-fall-nemesis.html\" target=\"_blank\"><strong>Rezension der Buchhandlung Lesenswert<\/strong><\/a> in Duisburg<\/li>\n<\/ul>\n<p>Auf der Homepage des Voodoo Press Verlags gibt es ein <strong><a href=\"http:\/\/shop.voodoo-press.com\/index.php?main_page=page&amp;id=21\" target=\"_blank\">Interview mit S\u00f6ren Prescher<\/a><\/strong> \u00fcber den Roman, das Leben und das Schreiben.<\/p>\n","protected":false},"excerpt":{"rendered":"<p>Mehrere M\u00e4nner werden in den USA brutal ermordet aufgefunden. Die einzige Spur am Tatort ist der vom T\u00e4ter hinterlassene Schriftzug Nemesis. Da s\u00e4mtliche Opfer Angeh\u00f6rige des Milit\u00e4rs waren, erhalten der Major John Brooks und sein Partner Andrew Watts den Auftrag, die Mordserie zu untersuchen. Dabei sto\u00dfen sie auf ein Netz aus Verschw\u00f6rungen und Intrigen, in [&hellip;]<\/p>\n","protected":false},"author":1,"featured_media":0,"parent":108,"menu_order":4,"comment_status":"open","ping_status":"closed","template":"","meta":{"footnotes":""},"class_list":["post-157","page","type-page","status-publish","hentry"],"_links":{"self":[{"href":"https:\/\/www.soeren-prescher.de\/index.php?rest_route=\/wp\/v2\/pages\/157","targetHints":{"allow":["GET"]}}],"collection":[{"href":"https:\/\/www.soeren-prescher.de\/index.php?rest_route=\/wp\/v2\/pages"}],"about":[{"href":"https:\/\/www.soeren-prescher.de\/index.php?rest_route=\/wp\/v2\/types\/page"}],"author":[{"embeddable":true,"href":"https:\/\/www.soeren-prescher.de\/index.php?rest_route=\/wp\/v2\/users\/1"}],"replies":[{"embeddable":true,"href":"https:\/\/www.soeren-prescher.de\/index.php?rest_route=%2Fwp%2Fv2%2Fcomments&post=157"}],"version-history":[{"count":14,"href":"https:\/\/www.soeren-prescher.de\/index.php?rest_route=\/wp\/v2\/pages\/157\/revisions"}],"predecessor-version":[{"id":469,"href":"https:\/\/www.soeren-prescher.de\/index.php?rest_route=\/wp\/v2\/pages\/157\/revisions\/469"}],"up":[{"embeddable":true,"href":"https:\/\/www.soeren-prescher.de\/index.php?rest_route=\/wp\/v2\/pages\/108"}],"wp:attachment":[{"href":"https:\/\/www.soeren-prescher.de\/index.php?rest_route=%2Fwp%2Fv2%2Fmedia&parent=157"}],"curies":[{"name":"wp","href":"https:\/\/api.w.org\/{rel}","templated":true}]}}