{"id":1551,"date":"2019-05-24T19:08:06","date_gmt":"2019-05-24T18:08:06","guid":{"rendered":"http:\/\/www.soeren-prescher.de\/?page_id=1551"},"modified":"2022-07-01T11:47:55","modified_gmt":"2022-07-01T10:47:55","slug":"auf-kurze-distanz","status":"publish","type":"page","link":"https:\/\/www.soeren-prescher.de\/?page_id=1551","title":{"rendered":"Auf kurze Distanz"},"content":{"rendered":"<p><a href=\"https:\/\/www.amazon.de\/gp\/product\/B07S6P5Q7Z\/ref=as_li_qf_asin_il_tl?ie=UTF8&amp;tag=sorenprescher-21&amp;creative=6742&amp;linkCode=as2&amp;creativeASIN=B07S6P5Q7Z&amp;linkId=b2523f6a0fe83891b55c6cb74a7061f7\" target=\"_blank\" rel=\"noopener noreferrer\"><img loading=\"lazy\" decoding=\"async\" class=\"alignright wp-image-1124 size-medium\" title=\"Auf kurze Distanz\" src=\"https:\/\/www.soeren-prescher.de\/wp-content\/uploads\/2019\/05\/AdHg2_Medium.jpg\" alt=\"Auf kurze Distanz\" width=\"199\" height=\"300\" \/><\/a><\/p>\n<p><em><strong>Der zweite Fall f\u00fcr Mark und Felix<br \/>\n<\/strong><\/em><\/p>\n<p>Es ist sp\u00e4ter Abend und Kriminalkommissar Mark Richter wird zu einem neuen Mordfall gerufen. Diesmal betrifft es keinen Unbekannten, sondern eine Person aus seinem Umfeld, die ihm sehr am Herzen liegt. Dieses und andere tiefsch\u00fcrfende Ereignisse sorgen daf\u00fcr, dass Marks bisheriges Leben ins Wanken ger\u00e4t. Obwohl ihn die ganze Situation emotional viel zu sehr belastet, \u00fcbernimmt er zusammen mit seinem chaotischen Partner Dominik und dem cleveren Hovawart-Hund Felix die Ermittlungen. Doch je mehr sie herausfinden, desto komplizierter wird sowohl die Polizeiarbeit als auch Marks Privatleben.<\/p>\n<p>Die ersehnte Fortsetzung nach dem Cliffhanger von Band 1!<\/p>\n<p><em>&#8222;Ein Hund zum Knutschen, ein cleverer Ermittler und ein fieser Mord &#8211; perfekter Krimispa\u00df.&#8220;<\/em> &#8211; Silke Porath<\/p>\n<p><em><strong>Auf kurze Distanz<br \/>\n<\/strong><\/em><\/p>\n<ul>\n<li><b>Verlag:<\/b> Edel Elements (2019)<\/li>\n<li><strong>Preis:<\/strong> 4,99 Euro<\/li>\n<li><strong>ISBN<\/strong>: 978-3-96215-301-4<\/li>\n<li><strong>ASIN:<\/strong> B07N8C4NK5<\/li>\n<\/ul>\n<p><span class=\"_44bj\">Bei <a href=\"https:\/\/www.facebook.com\/257009337651970\/videos\/617902115332042\/\" target=\"_blank\" rel=\"noopener noreferrer\"><strong>Facebook<\/strong><\/a> und auf <a href=\"https:\/\/www.youtube.com\/watch?v=DZqR8KU4zWE\" target=\"_blank\" rel=\"noopener noreferrer\"><strong>YouTube<\/strong><\/a> gibt es ein knapp dreimin\u00fctiges Video, in dem ich die Krimi-Reihe vorstelle.<\/span><\/p>\n<p><strong>\u00a0<\/strong><\/p>\n","protected":false},"excerpt":{"rendered":"<p>Der zweite Fall f\u00fcr Mark und Felix Es ist sp\u00e4ter Abend und Kriminalkommissar Mark Richter wird zu einem neuen Mordfall gerufen. Diesmal betrifft es keinen Unbekannten, sondern eine Person aus seinem Umfeld, die ihm sehr am Herzen liegt. Dieses und andere tiefsch\u00fcrfende Ereignisse sorgen daf\u00fcr, dass Marks bisheriges Leben ins Wanken ger\u00e4t. Obwohl ihn die [&hellip;]<\/p>\n","protected":false},"author":2,"featured_media":0,"parent":0,"menu_order":0,"comment_status":"closed","ping_status":"closed","template":"","meta":{"footnotes":""},"class_list":["post-1551","page","type-page","status-publish","hentry"],"_links":{"self":[{"href":"https:\/\/www.soeren-prescher.de\/index.php?rest_route=\/wp\/v2\/pages\/1551","targetHints":{"allow":["GET"]}}],"collection":[{"href":"https:\/\/www.soeren-prescher.de\/index.php?rest_route=\/wp\/v2\/pages"}],"about":[{"href":"https:\/\/www.soeren-prescher.de\/index.php?rest_route=\/wp\/v2\/types\/page"}],"author":[{"embeddable":true,"href":"https:\/\/www.soeren-prescher.de\/index.php?rest_route=\/wp\/v2\/users\/2"}],"replies":[{"embeddable":true,"href":"https:\/\/www.soeren-prescher.de\/index.php?rest_route=%2Fwp%2Fv2%2Fcomments&post=1551"}],"version-history":[{"count":1,"href":"https:\/\/www.soeren-prescher.de\/index.php?rest_route=\/wp\/v2\/pages\/1551\/revisions"}],"predecessor-version":[{"id":2198,"href":"https:\/\/www.soeren-prescher.de\/index.php?rest_route=\/wp\/v2\/pages\/1551\/revisions\/2198"}],"wp:attachment":[{"href":"https:\/\/www.soeren-prescher.de\/index.php?rest_route=%2Fwp%2Fv2%2Fmedia&parent=1551"}],"curies":[{"name":"wp","href":"https:\/\/api.w.org\/{rel}","templated":true}]}}