{"id":145,"date":"2012-08-26T13:29:42","date_gmt":"2012-08-26T11:29:42","guid":{"rendered":"http:\/\/fictionmaster.rivido.de\/?page_id=145"},"modified":"2025-11-02T12:42:13","modified_gmt":"2025-11-02T11:42:13","slug":"impressum","status":"publish","type":"page","link":"https:\/\/www.soeren-prescher.de\/?page_id=145","title":{"rendered":"Impressum"},"content":{"rendered":"<h2>Verantwortlich f\u00fcr die Internetseiten:<\/h2>\n<p>S\u00f6ren Prescher<br \/>\nAlbert-Ortmann-Str. 6<br \/>\nD-90425 N\u00fcrnberg<br \/>\nE-Mail: info@soeren-prescher.de<\/p>\n<p><a href=\"https:\/\/www.facebook.com\/100062981301202\/\" target=\"_blank\" rel=\"noopener\">Facebook-Autorenseite<\/a><\/p>\n<p><a href=\"https:\/\/www.instagram.com\/soerenprescher\/\" target=\"_blank\" rel=\"noopener\">Instagram-Account<\/a><\/p>\n<p>&nbsp;<\/p>\n<p>Nutzungsbedingungen f\u00fcr die Webseiten:<\/p>\n<p>1. Haftungsausschluss<br \/>\nDer Autor \u00fcbernimmt keinerlei Gew\u00e4hr f\u00fcr die Aktualit\u00e4t, Korrektheit oder Vollst\u00e4ndigkeit der auf dieser Webseite bereitgestellten Informationen. Haftungsanspr\u00fcche gegen den Autor, welche sich auf Sch\u00e4den materieller oder ideeller Art beziehen, die durch die Nutzung oder Nichtnutzung der dargebotenen Informationen bzw. durch die Nutzung fehlerhafter und unvollst\u00e4ndiger Informationen entstanden sind, sind grunds\u00e4tzlich ausgeschlossen, es sei denn, dem Autor kann vors\u00e4tzliches oder grob fahrl\u00e4ssiges Verschulden nachgewiesen werden.<\/p>\n<p>2. Verweise und Links<br \/>\nF\u00fcr Links auf fremde Webseiten, die au\u00dferhalb des Verantwortungsbereiches des Autors liegen, w\u00fcrde eine Haftungsverpflichtung ausschlie\u00dflich in dem Fall in Kraft treten, in dem der Autor von den Inhalten Kenntnis hat und es ihm technisch m\u00f6glich und zumutbar w\u00e4re, die Nutzung im Falle rechtswidriger Inhalte zu verhindern. Der Autor erkl\u00e4rt hiermit ausdr\u00fccklich, dass zum Zeitpunkt der Linksetzung keine illegalen Inhalte auf den zu verlinkenden Seiten erkennbar waren. Auf die aktuelle und zuk\u00fcnftige Gestaltung, die Inhalte oder die Urheberschaft der verlinkten Seiten hat der Autor keinerlei Einfluss. Deshalb distanziert er sich hiermit ausdr\u00fccklich von allen Inhalten aller verlinkten Seiten, die nach der Linksetzung ver\u00e4ndert wurden. Diese Feststellung gilt sowohl f\u00fcr alle innerhalb dieser Webseite gesetzten Links als auch f\u00fcr sonstige Hinweise auf fremde Webseiten. F\u00fcr illegale, fehlerhafte oder unvollst\u00e4ndige Inhalte und insbesondere f\u00fcr Sch\u00e4den, die aus der Nutzung oder Nichtnutzung solcherart dargebotener Informationen entstehen, haftet allein der Anbieter der Seite, auf welche verwiesen wurde, nicht derjenige, der \u00fcber Links auf die jeweilige Ver\u00f6ffentlichung lediglich verweist.<\/p>\n<p>3. Urheberrecht<br \/>\nDer Autor ist bestrebt, auf dieser Webseite die Urheberrechte der verwendeten Bilder, Grafiken und Texte zu beachten, von ihm selbst erstellte Bilder, Grafiken und Texte zu nutzen oder auf lizenzfreie Grafiken und Texte zur\u00fcckzugreifen. Alle innerhalb des Internetangebotes genannten und ggf. durch Dritte gesch\u00fctzten Marken- und Warenzeichen unterliegen uneingeschr\u00e4nkt den Bestimmungen des jeweils g\u00fcltigen Kennzeichenrechts und den Besitzrechten der jeweiligen eingetragenen Eigent\u00fcmer. Die blo\u00dfe Nennung eines Markenzeichens erlaubt nicht den Schluss, dass es frei von Rechten Dritter ist. Das Copyright f\u00fcr ver\u00f6ffentlichte, vom Autor selbst erstellte Objekte bleibt allein beim Autor der Seiten. Eine Vervielf\u00e4ltigung oder Verwendung solcher Grafiken und Texte in anderen elektronischen oder gedruckten Publikationen ist ohne ausdr\u00fcckliche schriftliche Zustimmung des Autors nicht gestattet. Eigenm\u00e4chtige Ver\u00e4nderungen von Inhalten oder Gestaltung dieser Webseite oder Einflussnahme auf die Erreichbarkeit oder Verf\u00fcgbarkeit dieser Webseite sind nicht gestattet, auch nicht durch Dritte, die ihre Rechte durch Inhalte oder Gestaltung dieser Webseite verletzt sehen. Sollte Inhalt oder Aufmachung dieser Webseite die Rechte Dritter oder gesetzliche Bestimmungen verletzen, wird um eine entsprechende Nachricht ohne Kostennote gebeten. Der Autor sichert zu, zu Recht beanstandete Passagen unverz\u00fcglich zu entfernen, ohne dass von Seite des Rechteinhabers die Einschaltung eines Rechtsbeistandes erforderlich ist. Ohne vorherige Kontaktaufnahme ausgel\u00f6ste Kosten werden vollumf\u00e4nglich zur\u00fcckgewiesen, wobei der Autor sich vorbeh\u00e4lt, Gegenklage wegen Verletzung vorgenannter Bestimmungen zu erheben.<\/p>\n<p>4. Datenschutz<br \/>\nInsoweit auf dieser Webseite die M\u00f6glichkeit zur Eingabe pers\u00f6nlicher oder gesch\u00e4ftlicher Daten (Emailadressen, Namen, Anschriften) besteht, erfolgt die Preisgabe dieser Daten seitens des Nutzers auf ausdr\u00fccklich freiwilliger Basis. Die Inanspruchnahme aller angebotenen Dienste ist &#8211; soweit technisch m\u00f6glich und zumutbar &#8211; auch ohne Angabe solcher Daten bzw. unter Angabe anonymisierter Daten oder eines Pseudonyms gestattet. Die Nutzung der im Rahmen des Impressums oder vergleichbarer Angaben ver\u00f6ffentlichten Kontaktdaten wie Postanschriften, Telefon- und Faxnummern sowie Emailadressen durch Dritte zur \u00dcbersendung von nicht ausdr\u00fccklich angeforderten Informationen ist nicht gestattet. Rechtliche Schritte gegen die Versender von so genannten Spam-Mails bei Verst\u00f6\u00dfen gegen dieses Verbot sind ausdr\u00fccklich vorbehalten.<\/p>\n<p>5. Rechtswirksamkeit dieser Nutzungsbedingungen<br \/>\nDiese Nutzungsbedingungen gelten f\u00fcr die gesamte Webseite, von der diese Seite ein Teil ist. Sofern Teile oder einzelne Formulierungen dieses Textes der geltenden Rechtslage nicht, nicht mehr oder nicht vollst\u00e4ndig entsprechen sollten, bleiben die \u00fcbrigen Teile des Dokumentes in ihrem Inhalt und ihrer G\u00fcltigkeit davon unber\u00fchrt.<\/p>\n<h2>\u00a7 6 TDG &#8211; Allgemeine Informationspflichten<\/h2>\n<p>Diensteanbieter haben f\u00fcr gesch\u00e4ftsm\u00e4\u00dfige Teledienste mindestens folgende Informationen leicht erkennbar, unmittelbar erreichbar und st\u00e4ndig verf\u00fcgbar zu halten:<\/p>\n<p>1. den Namen und die Anschrift, unter der sie niedergelassen sind, bei juristischen Personen zus\u00e4tzlich den Vertretungsberechtigten,<\/p>\n<p>2. Angaben, die eine schnelle elektronische Kontaktaufnahme und unmittelbare Kommunikation mit ihnen erm\u00f6glichen, einschlie\u00dflich der Adresse der elektronischen Post,<\/p>\n<p>3. soweit der Teledienst im Rahmen einer T\u00e4tigkeit angeboten oder erbracht wird, die der beh\u00f6rdlichen Zulassung bedarf, Angaben zur zust\u00e4ndigen Aufsichtsbeh\u00f6rde,<\/p>\n<p>4. das Handelsregister, Vereinsregister, Partnerschaftsregister oder Genossenschaftsregister, in das sie eingetragen sind, und die entsprechende Registernummer,<\/p>\n<p>5. soweit der Teledienst in Aus\u00fcbung eines Berufs im Sinne von Artikel 1 Buchstabe d der Richtlinie 89\/48\/EWG des Rates vom 21. Dezember 1988 \u00fcber eine allgemeine Regelung zur Anerkennung der Hochschuldiplome, die eine mindestens 3-j\u00e4hrige Berufsausbildung abschlie\u00dfen (ABl. EG Nr. L 19 S. 16), oder im Sinne von Artikel 1 Buchstabe f der Richtlinie 92\/51\/EWG des Rates vom 18. Juni 1992 \u00fcber eine zweite allgemeine Regelung zur Anerkennung beruflicher Bef\u00e4higungsnachweise in Erg\u00e4nzung zur Richtlinie 89\/48\/EWG (ABl. EG Nr. L 209 S. 25), die zuletzt durch die Richtlinie 97\/38\/EG der Kommission vom 20. Juni 1997 (ABl. EG Nr. L 184 S. 31) ge\u00e4ndert worden ist, angeboten oder erbracht wird, Angaben \u00fcber<\/p>\n<p>a) die Kammer, welcher die Diensteanbieter angeh\u00f6ren,<br \/>\nb) die gesetzliche Berufsbezeichnung und den Staat, in dem die Berufsbezeichnung verliehen worden ist,<br \/>\nc) die Bezeichnung der berufsrechtlichen Regelungen und dazu, wie diese zug\u00e4nglich sind,<\/p>\n<p>6. in F\u00e4llen, in denen sie eine Umsatzsteueridentifikationsnummer nach \u00a7 27a des Umsatzsteuergesetzes besitzen, die Angabe dieser Nummer.<\/p>\n<p>Weitergehende Informationspflichten insbesondere nach dem Fernabsatzgesetz, dem Fernunterrichtsschutzgesetz, dem Teilzeit-Wohnrechtegesetz oder dem Preisangaben- und Preisklauselgesetz und der Preisangabenverordnung, dem Versicherungsaufsichtsgesetz sowie nach handelsrechtlichen Bestimmungen bleiben unber\u00fchrt.<\/p>\n","protected":false},"excerpt":{"rendered":"<p>Verantwortlich f\u00fcr die Internetseiten: S\u00f6ren Prescher Albert-Ortmann-Str. 6 D-90425 N\u00fcrnberg E-Mail: info@soeren-prescher.de Facebook-Autorenseite Instagram-Account &nbsp; Nutzungsbedingungen f\u00fcr die Webseiten: 1. Haftungsausschluss Der Autor \u00fcbernimmt keinerlei Gew\u00e4hr f\u00fcr die Aktualit\u00e4t, Korrektheit oder Vollst\u00e4ndigkeit der auf dieser Webseite bereitgestellten Informationen. Haftungsanspr\u00fcche gegen den Autor, welche sich auf Sch\u00e4den materieller oder ideeller Art beziehen, die durch die Nutzung [&hellip;]<\/p>\n","protected":false},"author":1,"featured_media":0,"parent":0,"menu_order":10,"comment_status":"open","ping_status":"open","template":"","meta":{"footnotes":""},"class_list":["post-145","page","type-page","status-publish","hentry"],"_links":{"self":[{"href":"https:\/\/www.soeren-prescher.de\/index.php?rest_route=\/wp\/v2\/pages\/145","targetHints":{"allow":["GET"]}}],"collection":[{"href":"https:\/\/www.soeren-prescher.de\/index.php?rest_route=\/wp\/v2\/pages"}],"about":[{"href":"https:\/\/www.soeren-prescher.de\/index.php?rest_route=\/wp\/v2\/types\/page"}],"author":[{"embeddable":true,"href":"https:\/\/www.soeren-prescher.de\/index.php?rest_route=\/wp\/v2\/users\/1"}],"replies":[{"embeddable":true,"href":"https:\/\/www.soeren-prescher.de\/index.php?rest_route=%2Fwp%2Fv2%2Fcomments&post=145"}],"version-history":[{"count":10,"href":"https:\/\/www.soeren-prescher.de\/index.php?rest_route=\/wp\/v2\/pages\/145\/revisions"}],"predecessor-version":[{"id":1297,"href":"https:\/\/www.soeren-prescher.de\/index.php?rest_route=\/wp\/v2\/pages\/145\/revisions\/1297"}],"wp:attachment":[{"href":"https:\/\/www.soeren-prescher.de\/index.php?rest_route=%2Fwp%2Fv2%2Fmedia&parent=145"}],"curies":[{"name":"wp","href":"https:\/\/api.w.org\/{rel}","templated":true}]}}