{"id":1228,"date":"2018-02-25T21:02:26","date_gmt":"2018-02-25T20:02:26","guid":{"rendered":"http:\/\/www.soeren-prescher.de\/?page_id=1228"},"modified":"2022-10-04T21:03:04","modified_gmt":"2022-10-04T20:03:04","slug":"1228-2","status":"publish","type":"page","link":"https:\/\/www.soeren-prescher.de\/?page_id=1228","title":{"rendered":"Mord mit Seeblick"},"content":{"rendered":"<p><a href=\"https:\/\/www.weltbild.de\/artikel\/buch\/mord-mit-seeblick_24986531-1?ln=U3VjaGV8U3VjaGVyZ2Vibmlz\" target=\"_blank\" rel=\"noopener\"><img loading=\"lazy\" decoding=\"async\" class=\"alignright wp-image-1124 size-medium\" title=\"Mord mit Seeblick\" src=\"https:\/\/www.soeren-prescher.de\/wp-content\/uploads\/2018\/02\/MordMitSeeblick-Cover.jpg\" alt=\"Mord mit Seeblick\" width=\"199\" height=\"300\" \/><\/a><\/p>\n<p><em><strong>Der erste Fall f\u00fcr Herrchen Schr\u00f6dinger und Boxer Horst<\/strong><\/em><\/p>\n<p>Sommer, Sonne, Strandvergn\u00fcgen \u2013 etwa so haben sich Schr\u00f6dinger und sein treuer Boxer Horst den Urlaub am Bodensee vorgestellt. Doch kaum haben sich die beiden in ihrem Wohnwagen eingerichtet, wird der Campingplatz zum Schauplatz eines Mordes. Ein langj\u00e4hriger Stammgast wird tot am Seeufer aufgefunden. Was steckt dahinter? War der Tote in dubiose Gesch\u00e4fte mit Antiquit\u00e4ten verwickelt? Nicht ohne Grund ist Horst nach dem legend\u00e4ren Tatort-Kommissar Horst Schimanski benannt. Herr und Hund setzen sich auf die Spur des T\u00e4ters.<\/p>\n<p>&nbsp;<\/p>\n<p><em><strong>\u201eMord mit Seeblick\u201c (mit Silke Porath)<br \/>\n<\/strong><\/em><\/p>\n<ul>\n<li><b>Verlag:<\/b> Weltbild Verlag (2018)<\/li>\n<li><strong>Preis:<\/strong> 12,99 Euro<\/li>\n<li><strong>ISBN:<\/strong> 9783959736480<\/li>\n<li><a href=\"https:\/\/www.soeren-prescher.de\/wp-content\/uploads\/2018\/02\/MordMitSeeblick-Leseprobe.pdf\" target=\"_blank\" rel=\"noopener\">Leseprobe<\/a><\/li>\n<\/ul>\n<p>Der Roman ist ausschlie\u00dflich bei Weltbild erh\u00e4ltlich.<\/p>\n<p>Der <strong>Marktspiegel<\/strong> hat einen sch\u00f6nen Bericht \u00fcber den Krimi ver\u00f6ffentlicht.<br \/>\n<a href=\"https:\/\/www.marktspiegel.de\/nuernberg\/panorama\/schroedinger-und-sein-furzender-hund-horst-suchen-den-moerder-d41495.html\" target=\"_blank\" rel=\"noopener\"><strong>Hier<\/strong><\/a> k\u00f6nnt ihr schm\u00f6kern.<\/p>\n","protected":false},"excerpt":{"rendered":"<p>Der erste Fall f\u00fcr Herrchen Schr\u00f6dinger und Boxer Horst Sommer, Sonne, Strandvergn\u00fcgen \u2013 etwa so haben sich Schr\u00f6dinger und sein treuer Boxer Horst den Urlaub am Bodensee vorgestellt. Doch kaum haben sich die beiden in ihrem Wohnwagen eingerichtet, wird der Campingplatz zum Schauplatz eines Mordes. Ein langj\u00e4hriger Stammgast wird tot am Seeufer aufgefunden. Was steckt [&hellip;]<\/p>\n","protected":false},"author":2,"featured_media":0,"parent":0,"menu_order":0,"comment_status":"closed","ping_status":"closed","template":"","meta":{"footnotes":""},"class_list":["post-1228","page","type-page","status-publish","hentry"],"_links":{"self":[{"href":"https:\/\/www.soeren-prescher.de\/index.php?rest_route=\/wp\/v2\/pages\/1228","targetHints":{"allow":["GET"]}}],"collection":[{"href":"https:\/\/www.soeren-prescher.de\/index.php?rest_route=\/wp\/v2\/pages"}],"about":[{"href":"https:\/\/www.soeren-prescher.de\/index.php?rest_route=\/wp\/v2\/types\/page"}],"author":[{"embeddable":true,"href":"https:\/\/www.soeren-prescher.de\/index.php?rest_route=\/wp\/v2\/users\/2"}],"replies":[{"embeddable":true,"href":"https:\/\/www.soeren-prescher.de\/index.php?rest_route=%2Fwp%2Fv2%2Fcomments&post=1228"}],"version-history":[{"count":2,"href":"https:\/\/www.soeren-prescher.de\/index.php?rest_route=\/wp\/v2\/pages\/1228\/revisions"}],"predecessor-version":[{"id":2248,"href":"https:\/\/www.soeren-prescher.de\/index.php?rest_route=\/wp\/v2\/pages\/1228\/revisions\/2248"}],"wp:attachment":[{"href":"https:\/\/www.soeren-prescher.de\/index.php?rest_route=%2Fwp%2Fv2%2Fmedia&parent=1228"}],"curies":[{"name":"wp","href":"https:\/\/api.w.org\/{rel}","templated":true}]}}